{"id":1296,"date":"2020-08-19T12:15:31","date_gmt":"2020-08-19T11:15:31","guid":{"rendered":"http:\/\/u60295.www1.webdomain.fi\/biotieteet-ja-terveysteknologia\/"},"modified":"2025-11-21T11:44:55","modified_gmt":"2025-11-21T09:44:55","slug":"biotieteet-ja-terveysteknologia","status":"publish","type":"page","link":"https:\/\/www.kalliolaw.com\/fi\/industries\/biotieteet-ja-terveysteknologia\/","title":{"rendered":"Biotieteet ja terveysteknologia"},"content":{"rendered":"<p><div class=\"fusion-fullwidth fullwidth-box fusion-builder-row-1 fusion-flex-container has-pattern-background has-mask-background nonhundred-percent-fullwidth non-hundred-percent-height-scrolling\" style=\"--awb-border-radius-top-left:0px;--awb-border-radius-top-right:0px;--awb-border-radius-bottom-right:0px;--awb-border-radius-bottom-left:0px;--awb-padding-top:00PX;--awb-padding-bottom:0PX;--awb-margin-top:8%;--awb-background-image:linear-gradient(180deg, rgba(255,255,255,0) 0%,rgba(255,255,255,0.95) 100%);--awb-flex-wrap:wrap;\" ><div class=\"fusion-builder-row fusion-row fusion-flex-align-items-center fusion-flex-content-wrap\" style=\"max-width:1144px;margin-left: calc(-4% \/ 2 );margin-right: calc(-4% \/ 2 );\"><div class=\"fusion-layout-column fusion_builder_column fusion-builder-column-0 fusion_builder_column_3_5 3_5 fusion-flex-column fusion-flex-align-self-flex-start\" style=\"--awb-bg-size:cover;--awb-width-large:60%;--awb-margin-top-large:0px;--awb-spacing-right-large:3.2%;--awb-margin-bottom-large:20px;--awb-spacing-left-large:3.2%;--awb-width-medium:50%;--awb-order-medium:0;--awb-spacing-right-medium:3.84%;--awb-spacing-left-medium:3.84%;--awb-width-small:100%;--awb-order-small:0;--awb-spacing-right-small:1.92%;--awb-spacing-left-small:1.92%;\" data-scroll-devices=\"small-visibility,medium-visibility,large-visibility\"><div class=\"fusion-column-wrapper fusion-column-has-shadow fusion-flex-justify-content-flex-start fusion-content-layout-column\"><div class=\"fusion-image-element \" style=\"--awb-caption-title-font-family:var(--h2_typography-font-family);--awb-caption-title-font-weight:var(--h2_typography-font-weight);--awb-caption-title-font-style:var(--h2_typography-font-style);--awb-caption-title-size:var(--h2_typography-font-size);--awb-caption-title-transform:var(--h2_typography-text-transform);--awb-caption-title-line-height:var(--h2_typography-line-height);--awb-caption-title-letter-spacing:var(--h2_typography-letter-spacing);\"><span class=\" fusion-imageframe imageframe-none imageframe-1 hover-type-none\"><img decoding=\"async\" width=\"1200\" height=\"675\" title=\"life sciences\" src=\"https:\/\/www.kalliolaw.com\/wp-content\/uploads\/2025\/01\/life-sciences.jpg\" data-orig-src=\"https:\/\/www.kalliolaw.com\/wp-content\/uploads\/2025\/01\/life-sciences-1200x675.jpg\" alt class=\"lazyload img-responsive wp-image-7187\" srcset=\"data:image\/svg+xml,%3Csvg%20xmlns%3D%27http%3A%2F%2Fwww.w3.org%2F2000%2Fsvg%27%20width%3D%271920%27%20height%3D%271080%27%20viewBox%3D%270%200%201920%201080%27%3E%3Crect%20width%3D%271920%27%20height%3D%271080%27%20fill-opacity%3D%220%22%2F%3E%3C%2Fsvg%3E\" data-srcset=\"https:\/\/www.kalliolaw.com\/wp-content\/uploads\/2025\/01\/life-sciences-200x113.jpg 200w, https:\/\/www.kalliolaw.com\/wp-content\/uploads\/2025\/01\/life-sciences-400x225.jpg 400w, https:\/\/www.kalliolaw.com\/wp-content\/uploads\/2025\/01\/life-sciences-600x338.jpg 600w, https:\/\/www.kalliolaw.com\/wp-content\/uploads\/2025\/01\/life-sciences-800x450.jpg 800w, https:\/\/www.kalliolaw.com\/wp-content\/uploads\/2025\/01\/life-sciences-1200x675.jpg 1200w, https:\/\/www.kalliolaw.com\/wp-content\/uploads\/2025\/01\/life-sciences.jpg 1920w\" data-sizes=\"auto\" data-orig-sizes=\"(max-width: 1024px) 100vw, (max-width: 640px) 100vw, 800px\" \/><\/span><\/div><\/div><\/div><\/div><\/div><div class=\"fusion-fullwidth fullwidth-box fusion-builder-row-2 fusion-flex-container nonhundred-percent-fullwidth non-hundred-percent-height-scrolling\" style=\"--awb-background-position:center bottom;--awb-border-radius-top-left:0px;--awb-border-radius-top-right:0px;--awb-border-radius-bottom-right:0px;--awb-border-radius-bottom-left:0px;--awb-margin-top:0px;--awb-margin-bottom:0px;--awb-background-image:linear-gradient(180deg, rgba(245,239,232,0) 0%,#ffffff 100%);--awb-flex-wrap:wrap;\" ><div class=\"fusion-builder-row fusion-row fusion-flex-align-items-flex-start fusion-flex-content-wrap\" style=\"max-width:1144px;margin-left: calc(-4% \/ 2 );margin-right: calc(-4% \/ 2 );\"><div class=\"fusion-layout-column fusion_builder_column fusion-builder-column-1 fusion_builder_column_3_5 3_5 fusion-flex-column fusion-flex-align-self-flex-start\" style=\"--awb-bg-size:cover;--awb-width-large:60%;--awb-margin-top-large:0px;--awb-spacing-right-large:6.4%;--awb-margin-bottom-large:20px;--awb-spacing-left-large:3.2%;--awb-width-medium:100%;--awb-order-medium:0;--awb-spacing-right-medium:3.84%;--awb-spacing-left-medium:1.92%;--awb-width-small:100%;--awb-order-small:0;--awb-spacing-right-small:1.92%;--awb-spacing-left-small:1.92%;\"><div class=\"fusion-column-wrapper fusion-column-has-shadow fusion-flex-justify-content-flex-start fusion-content-layout-column\"><div class=\"fusion-title title fusion-title-1 fusion-sep-none fusion-title-text fusion-title-size-three\" style=\"--awb-text-color:var(--awb-color4);--awb-font-size:28px;\"><h3 class=\"fusion-title-heading title-heading-left fusion-responsive-typography-calculated\" style=\"margin:0;font-size:1em;--fontSize:28;line-height:1.5;\">BIOTIETEET JA TERVEYSTEKNOLOGIA<\/h3><\/div><div class=\"fusion-text fusion-text-1\" style=\"--awb-content-alignment:left;\"><p><strong>Monimutkainen s\u00e4\u00e4ntely \u2013 k\u00e4yt\u00e4nn\u00f6nl\u00e4heiset neuvot<\/strong><\/span><\/p>\n<p>Kokenut tiimimme avustaa yrityst\u00e4si terveysteknologian juridiikassa aina haastavista sopimusneuvotteluista potilas- ja henkil\u00f6tietokysymyksiin.<\/p>\n<p><strong><span style=\"color: #ef7d00;\">Palvelumme toimialalle<\/span><\/strong><\/p>\n<ul class=\"diamond\">\n<li>Juridinen neuvonta sopimusoikeudellisissa kysymyksiss\u00e4<\/li>\n<li>Sopimuspohjat<\/li>\n<li>Avustaminen sopimusneuvotteluissa, kuten alihankinta-, valmistus- ja j\u00e4lleenmyyntineuvotteluissa<\/li>\n<li>L\u00e4\u00e4ketieteellisten laitteiden myyntiin ja jakeluun liittyv\u00e4 juridiikka<\/li>\n<li>Potilas- ja henkil\u00f6tietoasioiden juridiikka<\/li>\n<li>Juridinen neuvonta julkisissa hankinnoissa<\/li>\n<li>Riidanratkaisu<\/li>\n<\/ul>\n<p><strong><span style=\"color: #ef7d00;\">Kokemuksemme toimialalta<\/span><\/strong><\/p>\n<ul class=\"diamond\">\n<li>Olemme laatineet vakiosopimuspohjia, kuten salassapitosopimuspohjia ja jakelusopimuspohjia, useille toimialan yrityksille.<\/li>\n<li>Olemme avustaneet asiakkaitamme monentyyppisiss\u00e4 sopimusneuvotteluissa valmistussopimuksista erilaisiin myyntisopimuksiin.<\/li>\n<li>Olemme laatineet lukuisia henkil\u00f6tietojen k\u00e4sittely\u00e4 koskevia tietosuojaselosteita, henkil\u00f6tietojen k\u00e4sittely\u00e4 koskevia sopimuksia ja muita tietosuoja-asetuksen edellytt\u00e4mi\u00e4 asiakirjoja.<\/li>\n<\/ul>\n<\/div><\/div><\/div><div class=\"fusion-layout-column fusion_builder_column fusion-builder-column-2 fusion_builder_column_1_5 1_5 fusion-flex-column fusion-flex-align-self-flex-start\" style=\"--awb-bg-size:cover;--awb-width-large:20%;--awb-margin-top-large:0px;--awb-spacing-right-large:9.6%;--awb-margin-bottom-large:20px;--awb-spacing-left-large:9.6%;--awb-width-medium:33.3333333333%;--awb-order-medium:0;--awb-spacing-right-medium:5.76%;--awb-spacing-left-medium:5.76%;--awb-width-small:100%;--awb-order-small:0;--awb-spacing-right-small:1.92%;--awb-spacing-left-small:1.92%;\"><div class=\"fusion-column-wrapper fusion-column-has-shadow fusion-flex-justify-content-flex-start fusion-content-layout-column\"><div class=\"fusion-image-element \" style=\"--awb-max-width:160px;--awb-caption-title-font-family:var(--h2_typography-font-family);--awb-caption-title-font-weight:var(--h2_typography-font-weight);--awb-caption-title-font-style:var(--h2_typography-font-style);--awb-caption-title-size:var(--h2_typography-font-size);--awb-caption-title-transform:var(--h2_typography-text-transform);--awb-caption-title-line-height:var(--h2_typography-line-height);--awb-caption-title-letter-spacing:var(--h2_typography-letter-spacing);\"><span class=\" fusion-imageframe imageframe-none imageframe-2 hover-type-zoomin\"><a class=\"fusion-no-lightbox\" href=\"https:\/\/www.kalliolaw.com\/fi\/asiantuntijat\/pekka-kiviniemi\/\" target=\"_self\" aria-label=\"_FT_8534_WH_Pekka-Z\"><img decoding=\"async\" width=\"225\" height=\"300\" src=\"https:\/\/www.kalliolaw.com\/wp-content\/uploads\/2025\/10\/FT_8534_WH_Pekka-Z-1-scaled.jpg\" data-orig-src=\"https:\/\/www.kalliolaw.com\/wp-content\/uploads\/2025\/10\/FT_8534_WH_Pekka-Z-1-225x300.jpg\" alt class=\"lazyload img-responsive wp-image-8986\" srcset=\"data:image\/svg+xml,%3Csvg%20xmlns%3D%27http%3A%2F%2Fwww.w3.org%2F2000%2Fsvg%27%20width%3D%271920%27%20height%3D%272560%27%20viewBox%3D%270%200%201920%202560%27%3E%3Crect%20width%3D%271920%27%20height%3D%272560%27%20fill-opacity%3D%220%22%2F%3E%3C%2Fsvg%3E\" data-srcset=\"https:\/\/www.kalliolaw.com\/wp-content\/uploads\/2025\/10\/FT_8534_WH_Pekka-Z-1-200x267.jpg 200w, https:\/\/www.kalliolaw.com\/wp-content\/uploads\/2025\/10\/FT_8534_WH_Pekka-Z-1-400x533.jpg 400w, https:\/\/www.kalliolaw.com\/wp-content\/uploads\/2025\/10\/FT_8534_WH_Pekka-Z-1-600x800.jpg 600w, https:\/\/www.kalliolaw.com\/wp-content\/uploads\/2025\/10\/FT_8534_WH_Pekka-Z-1-800x1067.jpg 800w, https:\/\/www.kalliolaw.com\/wp-content\/uploads\/2025\/10\/FT_8534_WH_Pekka-Z-1-1200x1600.jpg 1200w, https:\/\/www.kalliolaw.com\/wp-content\/uploads\/2025\/10\/FT_8534_WH_Pekka-Z-1-scaled.jpg 1920w\" data-sizes=\"auto\" data-orig-sizes=\"(max-width: 1024px) 100vw, (max-width: 640px) 100vw, 200px\" \/><\/a><\/span><\/div><div class=\"fusion-separator fusion-full-width-sep\" style=\"align-self: center;margin-left: auto;margin-right: auto;margin-top:10px;width:100%;\"><\/div><div class=\"fusion-text fusion-text-2\" style=\"--awb-font-size:13px;--awb-line-height:1.7em;\"><p><strong><span style=\"color: #ef7d00;\">Pekka Kiviniemi<\/span><\/strong><br \/>\n<a href=\"tel:+358 50 5911 088\">+358 50 5911 088<\/a><br \/>\n<a href=\"mailto:pekka.kiviniemi@kalliolaw.fi\">pekka.kiviniemi@kalliolaw.fi<\/a><\/p>\n<\/div><div class=\"fusion-separator fusion-full-width-sep\" style=\"align-self: center;margin-left: auto;margin-right: auto;width:100%;\"><\/div><div class=\"fusion-image-element \" style=\"--awb-max-width:160px;--awb-caption-title-font-family:var(--h2_typography-font-family);--awb-caption-title-font-weight:var(--h2_typography-font-weight);--awb-caption-title-font-style:var(--h2_typography-font-style);--awb-caption-title-size:var(--h2_typography-font-size);--awb-caption-title-transform:var(--h2_typography-text-transform);--awb-caption-title-line-height:var(--h2_typography-line-height);--awb-caption-title-letter-spacing:var(--h2_typography-letter-spacing);\"><span class=\" fusion-imageframe imageframe-none imageframe-3 hover-type-zoomin\"><a class=\"fusion-no-lightbox\" href=\"https:\/\/www.kalliolaw.com\/fi\/asiantuntijat\/sonja-kurki\/\" target=\"_self\" aria-label=\"_FT_8888_WH_Sonja-Z\"><img decoding=\"async\" width=\"225\" height=\"300\" src=\"https:\/\/www.kalliolaw.com\/wp-content\/uploads\/2025\/10\/FT_8888_WH_Sonja-Z-1-scaled.jpg\" data-orig-src=\"https:\/\/www.kalliolaw.com\/wp-content\/uploads\/2025\/10\/FT_8888_WH_Sonja-Z-1-225x300.jpg\" alt class=\"lazyload img-responsive wp-image-8996\" srcset=\"data:image\/svg+xml,%3Csvg%20xmlns%3D%27http%3A%2F%2Fwww.w3.org%2F2000%2Fsvg%27%20width%3D%271920%27%20height%3D%272560%27%20viewBox%3D%270%200%201920%202560%27%3E%3Crect%20width%3D%271920%27%20height%3D%272560%27%20fill-opacity%3D%220%22%2F%3E%3C%2Fsvg%3E\" data-srcset=\"https:\/\/www.kalliolaw.com\/wp-content\/uploads\/2025\/10\/FT_8888_WH_Sonja-Z-1-200x267.jpg 200w, https:\/\/www.kalliolaw.com\/wp-content\/uploads\/2025\/10\/FT_8888_WH_Sonja-Z-1-400x533.jpg 400w, https:\/\/www.kalliolaw.com\/wp-content\/uploads\/2025\/10\/FT_8888_WH_Sonja-Z-1-600x800.jpg 600w, https:\/\/www.kalliolaw.com\/wp-content\/uploads\/2025\/10\/FT_8888_WH_Sonja-Z-1-800x1067.jpg 800w, https:\/\/www.kalliolaw.com\/wp-content\/uploads\/2025\/10\/FT_8888_WH_Sonja-Z-1-1200x1600.jpg 1200w, https:\/\/www.kalliolaw.com\/wp-content\/uploads\/2025\/10\/FT_8888_WH_Sonja-Z-1-scaled.jpg 1920w\" data-sizes=\"auto\" data-orig-sizes=\"(max-width: 1024px) 100vw, (max-width: 640px) 100vw, 200px\" \/><\/a><\/span><\/div><div class=\"fusion-separator fusion-full-width-sep\" style=\"align-self: center;margin-left: auto;margin-right: auto;margin-top:10px;width:100%;\"><\/div><div class=\"fusion-text fusion-text-3\" style=\"--awb-font-size:13px;--awb-line-height:1.7em;\"><p><strong><span style=\"color: #ef7d00;\">Sonja Kurki<\/span><\/strong><br \/>\n<a href=\"tel:+358 50 5911 086\">+358 50 5911 086<\/a><br \/>\n<a href=\"mailto:sonja.kurki@kalliolaw.fi\">sonja.kurki@kalliolaw.fi<\/a><\/p>\n<\/div><\/div><\/div><div class=\"fusion-layout-column fusion_builder_column fusion-builder-column-3 fusion_builder_column_1_5 1_5 fusion-flex-column fusion-flex-align-self-flex-start\" style=\"--awb-bg-size:cover;--awb-width-large:20%;--awb-margin-top-large:0px;--awb-spacing-right-large:9.6%;--awb-margin-bottom-large:20px;--awb-spacing-left-large:9.6%;--awb-width-medium:33.3333333333%;--awb-order-medium:0;--awb-spacing-right-medium:5.76%;--awb-spacing-left-medium:5.76%;--awb-width-small:100%;--awb-order-small:0;--awb-spacing-right-small:1.92%;--awb-spacing-left-small:1.92%;\"><div class=\"fusion-column-wrapper fusion-column-has-shadow fusion-flex-justify-content-flex-start fusion-content-layout-column\"><div class=\"fusion-image-element \" style=\"--awb-max-width:160px;--awb-caption-title-font-family:var(--h2_typography-font-family);--awb-caption-title-font-weight:var(--h2_typography-font-weight);--awb-caption-title-font-style:var(--h2_typography-font-style);--awb-caption-title-size:var(--h2_typography-font-size);--awb-caption-title-transform:var(--h2_typography-text-transform);--awb-caption-title-line-height:var(--h2_typography-line-height);--awb-caption-title-letter-spacing:var(--h2_typography-letter-spacing);\"><span class=\" fusion-imageframe imageframe-none imageframe-4 hover-type-zoomin\"><a class=\"fusion-no-lightbox\" href=\"https:\/\/www.kalliolaw.com\/fi\/asiantuntijat\/tiina-kekalainen\/\" target=\"_self\" aria-label=\"_FT_8786_WH_Tiina-Z\"><img decoding=\"async\" width=\"225\" height=\"300\" src=\"https:\/\/www.kalliolaw.com\/wp-content\/uploads\/2025\/10\/FT_8786_WH_Tiina-Z-1-scaled.jpg\" data-orig-src=\"https:\/\/www.kalliolaw.com\/wp-content\/uploads\/2025\/10\/FT_8786_WH_Tiina-Z-1-225x300.jpg\" alt class=\"lazyload img-responsive wp-image-8994\" srcset=\"data:image\/svg+xml,%3Csvg%20xmlns%3D%27http%3A%2F%2Fwww.w3.org%2F2000%2Fsvg%27%20width%3D%271920%27%20height%3D%272560%27%20viewBox%3D%270%200%201920%202560%27%3E%3Crect%20width%3D%271920%27%20height%3D%272560%27%20fill-opacity%3D%220%22%2F%3E%3C%2Fsvg%3E\" data-srcset=\"https:\/\/www.kalliolaw.com\/wp-content\/uploads\/2025\/10\/FT_8786_WH_Tiina-Z-1-200x267.jpg 200w, https:\/\/www.kalliolaw.com\/wp-content\/uploads\/2025\/10\/FT_8786_WH_Tiina-Z-1-400x533.jpg 400w, https:\/\/www.kalliolaw.com\/wp-content\/uploads\/2025\/10\/FT_8786_WH_Tiina-Z-1-600x800.jpg 600w, https:\/\/www.kalliolaw.com\/wp-content\/uploads\/2025\/10\/FT_8786_WH_Tiina-Z-1-800x1067.jpg 800w, https:\/\/www.kalliolaw.com\/wp-content\/uploads\/2025\/10\/FT_8786_WH_Tiina-Z-1-1200x1600.jpg 1200w, https:\/\/www.kalliolaw.com\/wp-content\/uploads\/2025\/10\/FT_8786_WH_Tiina-Z-1-scaled.jpg 1920w\" data-sizes=\"auto\" data-orig-sizes=\"(max-width: 1024px) 100vw, (max-width: 640px) 100vw, 200px\" \/><\/a><\/span><\/div><div class=\"fusion-separator fusion-full-width-sep\" style=\"align-self: center;margin-left: auto;margin-right: auto;margin-top:10px;width:100%;\"><\/div><div class=\"fusion-text fusion-text-4\" style=\"--awb-font-size:13px;--awb-line-height:1.7em;\"><p><strong><span style=\"color: #ef7d00;\">Tiina Kek\u00e4l\u00e4inen<\/span><\/strong><br \/>\n<a href=\"tel:+358 50 5965 969\">+358 50 5965 969<\/a><br \/>\n<a href=\"mailto:tiina.kekalainen@kalliolaw.fi\">tiina.kekalainen@kalliolaw.fi<\/a><\/p>\n<\/div><div class=\"fusion-separator fusion-full-width-sep\" style=\"align-self: center;margin-left: auto;margin-right: auto;width:100%;\"><\/div><div class=\"fusion-image-element \" style=\"--awb-max-width:160px;--awb-caption-title-font-family:var(--h2_typography-font-family);--awb-caption-title-font-weight:var(--h2_typography-font-weight);--awb-caption-title-font-style:var(--h2_typography-font-style);--awb-caption-title-size:var(--h2_typography-font-size);--awb-caption-title-transform:var(--h2_typography-text-transform);--awb-caption-title-line-height:var(--h2_typography-line-height);--awb-caption-title-letter-spacing:var(--h2_typography-letter-spacing);\"><span class=\" fusion-imageframe imageframe-none imageframe-5 hover-type-zoomin\"><a class=\"fusion-no-lightbox\" href=\"https:\/\/www.kalliolaw.com\/fi\/asiantuntijat\/sonja-kurki\/\" target=\"_self\" aria-label=\"_FT_8641_WH_Lasse-Z\"><img decoding=\"async\" width=\"225\" height=\"300\" src=\"https:\/\/www.kalliolaw.com\/wp-content\/uploads\/2025\/10\/FT_8641_WH_Lasse-Z-1-scaled.jpg\" data-orig-src=\"https:\/\/www.kalliolaw.com\/wp-content\/uploads\/2025\/10\/FT_8641_WH_Lasse-Z-1-225x300.jpg\" alt class=\"lazyload img-responsive wp-image-8990\" srcset=\"data:image\/svg+xml,%3Csvg%20xmlns%3D%27http%3A%2F%2Fwww.w3.org%2F2000%2Fsvg%27%20width%3D%271920%27%20height%3D%272560%27%20viewBox%3D%270%200%201920%202560%27%3E%3Crect%20width%3D%271920%27%20height%3D%272560%27%20fill-opacity%3D%220%22%2F%3E%3C%2Fsvg%3E\" data-srcset=\"https:\/\/www.kalliolaw.com\/wp-content\/uploads\/2025\/10\/FT_8641_WH_Lasse-Z-1-200x267.jpg 200w, https:\/\/www.kalliolaw.com\/wp-content\/uploads\/2025\/10\/FT_8641_WH_Lasse-Z-1-400x533.jpg 400w, https:\/\/www.kalliolaw.com\/wp-content\/uploads\/2025\/10\/FT_8641_WH_Lasse-Z-1-600x800.jpg 600w, https:\/\/www.kalliolaw.com\/wp-content\/uploads\/2025\/10\/FT_8641_WH_Lasse-Z-1-800x1067.jpg 800w, https:\/\/www.kalliolaw.com\/wp-content\/uploads\/2025\/10\/FT_8641_WH_Lasse-Z-1-1200x1600.jpg 1200w, https:\/\/www.kalliolaw.com\/wp-content\/uploads\/2025\/10\/FT_8641_WH_Lasse-Z-1-scaled.jpg 1920w\" data-sizes=\"auto\" data-orig-sizes=\"(max-width: 1024px) 100vw, (max-width: 640px) 100vw, 200px\" \/><\/a><\/span><\/div><div class=\"fusion-separator fusion-full-width-sep\" style=\"align-self: center;margin-left: auto;margin-right: auto;margin-top:10px;width:100%;\"><\/div><div class=\"fusion-text fusion-text-5\" style=\"--awb-font-size:13px;--awb-line-height:1.7em;\"><p><strong><span style=\"color: #ef7d00;\">Lassi Kanerva<\/span><\/strong><br \/>\n<a href=\"tel:+358 50 5911 100\">+358 50 5911 100<\/a><br \/>\n<a href=\"mailto:lassi.kanerva@kalliolaw.fi\">lassi.kanerva@kalliolaw.fi<\/a><\/p>\n<\/div><\/div><\/div><\/div><\/div><\/p>\n","protected":false},"excerpt":{"rendered":"","protected":false},"author":2,"featured_media":0,"parent":1343,"menu_order":0,"comment_status":"closed","ping_status":"closed","template":"100-width.php","meta":{"footnotes":""},"class_list":["post-1296","page","type-page","status-publish","hentry"],"_links":{"self":[{"href":"https:\/\/www.kalliolaw.com\/fi\/wp-json\/wp\/v2\/pages\/1296","targetHints":{"allow":["GET"]}}],"collection":[{"href":"https:\/\/www.kalliolaw.com\/fi\/wp-json\/wp\/v2\/pages"}],"about":[{"href":"https:\/\/www.kalliolaw.com\/fi\/wp-json\/wp\/v2\/types\/page"}],"author":[{"embeddable":true,"href":"https:\/\/www.kalliolaw.com\/fi\/wp-json\/wp\/v2\/users\/2"}],"replies":[{"embeddable":true,"href":"https:\/\/www.kalliolaw.com\/fi\/wp-json\/wp\/v2\/comments?post=1296"}],"version-history":[{"count":47,"href":"https:\/\/www.kalliolaw.com\/fi\/wp-json\/wp\/v2\/pages\/1296\/revisions"}],"predecessor-version":[{"id":9285,"href":"https:\/\/www.kalliolaw.com\/fi\/wp-json\/wp\/v2\/pages\/1296\/revisions\/9285"}],"up":[{"embeddable":true,"href":"https:\/\/www.kalliolaw.com\/fi\/wp-json\/wp\/v2\/pages\/1343"}],"wp:attachment":[{"href":"https:\/\/www.kalliolaw.com\/fi\/wp-json\/wp\/v2\/media?parent=1296"}],"curies":[{"name":"wp","href":"https:\/\/api.w.org\/{rel}","templated":true}]}}