{"id":1321,"date":"2020-08-19T12:33:21","date_gmt":"2020-08-19T11:33:21","guid":{"rendered":"http:\/\/u60295.www1.webdomain.fi\/julkiset-hankinnat\/"},"modified":"2025-11-21T11:15:38","modified_gmt":"2025-11-21T09:15:38","slug":"julkiset-hankinnat","status":"publish","type":"page","link":"https:\/\/www.kalliolaw.com\/fi\/palvelumme\/julkiset-hankinnat\/","title":{"rendered":"Julkiset hankinnat"},"content":{"rendered":"<p><div class=\"fusion-fullwidth fullwidth-box fusion-builder-row-1 fusion-flex-container has-pattern-background has-mask-background nonhundred-percent-fullwidth non-hundred-percent-height-scrolling\" style=\"--awb-border-radius-top-left:0px;--awb-border-radius-top-right:0px;--awb-border-radius-bottom-right:0px;--awb-border-radius-bottom-left:0px;--awb-padding-top:00PX;--awb-padding-bottom:0PX;--awb-margin-top:8%;--awb-background-image:linear-gradient(180deg, rgba(255,255,255,0) 0%,rgba(255,255,255,0.95) 100%);--awb-flex-wrap:wrap;\" ><div class=\"fusion-builder-row fusion-row fusion-flex-align-items-center fusion-flex-content-wrap\" style=\"max-width:1144px;margin-left: calc(-4% \/ 2 );margin-right: calc(-4% \/ 2 );\"><div class=\"fusion-layout-column fusion_builder_column fusion-builder-column-0 fusion_builder_column_3_5 3_5 fusion-flex-column fusion-flex-align-self-flex-start\" style=\"--awb-bg-size:cover;--awb-width-large:60%;--awb-margin-top-large:0px;--awb-spacing-right-large:3.2%;--awb-margin-bottom-large:20px;--awb-spacing-left-large:3.2%;--awb-width-medium:50%;--awb-order-medium:0;--awb-spacing-right-medium:3.84%;--awb-spacing-left-medium:3.84%;--awb-width-small:100%;--awb-order-small:0;--awb-spacing-right-small:1.92%;--awb-spacing-left-small:1.92%;\" data-scroll-devices=\"small-visibility,medium-visibility,large-visibility\"><div class=\"fusion-column-wrapper fusion-column-has-shadow fusion-flex-justify-content-flex-start fusion-content-layout-column\"><div class=\"fusion-image-element \" style=\"--awb-caption-title-font-family:var(--h2_typography-font-family);--awb-caption-title-font-weight:var(--h2_typography-font-weight);--awb-caption-title-font-style:var(--h2_typography-font-style);--awb-caption-title-size:var(--h2_typography-font-size);--awb-caption-title-transform:var(--h2_typography-text-transform);--awb-caption-title-line-height:var(--h2_typography-line-height);--awb-caption-title-letter-spacing:var(--h2_typography-letter-spacing);\"><span class=\" fusion-imageframe imageframe-none imageframe-1 hover-type-none\"><img decoding=\"async\" width=\"1306\" height=\"732\" title=\"procurement\" src=\"https:\/\/www.kalliolaw.com\/wp-content\/uploads\/2025\/01\/procurement.jpg\" data-orig-src=\"https:\/\/www.kalliolaw.com\/wp-content\/uploads\/2025\/01\/procurement.jpg\" alt class=\"lazyload img-responsive wp-image-7203\" srcset=\"data:image\/svg+xml,%3Csvg%20xmlns%3D%27http%3A%2F%2Fwww.w3.org%2F2000%2Fsvg%27%20width%3D%271306%27%20height%3D%27732%27%20viewBox%3D%270%200%201306%20732%27%3E%3Crect%20width%3D%271306%27%20height%3D%27732%27%20fill-opacity%3D%220%22%2F%3E%3C%2Fsvg%3E\" data-srcset=\"https:\/\/www.kalliolaw.com\/wp-content\/uploads\/2025\/01\/procurement-200x112.jpg 200w, https:\/\/www.kalliolaw.com\/wp-content\/uploads\/2025\/01\/procurement-400x224.jpg 400w, https:\/\/www.kalliolaw.com\/wp-content\/uploads\/2025\/01\/procurement-600x336.jpg 600w, https:\/\/www.kalliolaw.com\/wp-content\/uploads\/2025\/01\/procurement-800x448.jpg 800w, https:\/\/www.kalliolaw.com\/wp-content\/uploads\/2025\/01\/procurement-1200x673.jpg 1200w, https:\/\/www.kalliolaw.com\/wp-content\/uploads\/2025\/01\/procurement.jpg 1306w\" data-sizes=\"auto\" data-orig-sizes=\"(max-width: 1024px) 100vw, (max-width: 640px) 100vw, 800px\" \/><\/span><\/div><\/div><\/div><\/div><\/div><div class=\"fusion-fullwidth fullwidth-box fusion-builder-row-2 fusion-flex-container nonhundred-percent-fullwidth non-hundred-percent-height-scrolling\" style=\"--awb-background-position:center bottom;--awb-border-radius-top-left:0px;--awb-border-radius-top-right:0px;--awb-border-radius-bottom-right:0px;--awb-border-radius-bottom-left:0px;--awb-padding-bottom:50PX;--awb-margin-top:0px;--awb-margin-bottom:0px;--awb-background-image:linear-gradient(180deg, rgba(245,239,232,0) 0%,#ffffff 100%);--awb-flex-wrap:wrap;\" ><div class=\"fusion-builder-row fusion-row fusion-flex-align-items-flex-start fusion-flex-content-wrap\" style=\"max-width:1144px;margin-left: calc(-4% \/ 2 );margin-right: calc(-4% \/ 2 );\"><div class=\"fusion-layout-column fusion_builder_column fusion-builder-column-1 fusion_builder_column_3_5 3_5 fusion-flex-column fusion-flex-align-self-flex-start\" style=\"--awb-bg-size:cover;--awb-width-large:60%;--awb-margin-top-large:0px;--awb-spacing-right-large:6.4%;--awb-margin-bottom-large:20px;--awb-spacing-left-large:3.2%;--awb-width-medium:100%;--awb-order-medium:0;--awb-spacing-right-medium:3.84%;--awb-spacing-left-medium:1.92%;--awb-width-small:100%;--awb-order-small:0;--awb-spacing-right-small:1.92%;--awb-spacing-left-small:1.92%;\"><div class=\"fusion-column-wrapper fusion-column-has-shadow fusion-flex-justify-content-flex-start fusion-content-layout-column\"><div class=\"fusion-title title fusion-title-1 fusion-sep-none fusion-title-text fusion-title-size-three\" style=\"--awb-text-color:var(--awb-color4);--awb-font-size:28px;\"><h3 class=\"fusion-title-heading title-heading-left fusion-responsive-typography-calculated\" style=\"margin:0;font-size:1em;--fontSize:28;line-height:1.5;\">JULKISET HANKINNAT<\/h3><\/div><div class=\"fusion-text fusion-text-1\" style=\"--awb-content-alignment:left;\"><p>L\u00e4pin\u00e4kyvyyden ja reilun kilpailun varmistamiseksi julkisten hankintojen s\u00e4\u00e4ntely on kehittynyt yh\u00e4 keskeisemm\u00e4ksi oikeudenalaksi. S\u00e4\u00e4ntelyn monimutkainen rakenne voi muodostaa haasteen niin hankintayksik\u00f6ille kuin toimittajille.<\/p>\n<p>Kokenut julkisten hankintojen tiimimme avustaa yrityksi\u00e4 ja hankintayksik\u00f6it\u00e4 <span style=\"color: #ef7d00;\">monipuolisesti julkisten hankintojen s\u00e4\u00e4ntelyyn liittyviss\u00e4 kysymyksiss\u00e4 aina hankintaprosessin l\u00e4piviennist\u00e4 ja sopimusten s\u00e4\u00e4nt\u00f6jenmukaisesta noudattamisesta mahdollisiin oikeusprosesseihin saakka<\/span>. Meill\u00e4 on erityisen laajaa osaamista etenkin teknologia-, rakennus- ja terveydenhuoltoalan hankinnoista.<\/p>\n<p>Neuvomme hankintayksik\u00f6it\u00e4 hankintoihin liittyviss\u00e4 strategisissa ja operatiivisissa kysymyksiss\u00e4 sek\u00e4 hankintojen suunnittelussa, asiakirjojen laadinnassa ja tarjoajien kanssa k\u00e4yt\u00e4viss\u00e4 neuvotteluissa.<\/p>\n<p>Edustamme niin ik\u00e4\u00e4n julkisten hankintojen toimittajia monenlaisissa hankintalain ja -sopimusten tulkintatilanteissa, kuten hankintap\u00e4\u00e4t\u00f6sten oikeellisuuden arvioinnissa ja n\u00e4ihin liittyviss\u00e4 oikaisuvaatimuksissa ja markkinaoikeusprosesseissa. Laaja kokemuksemme p\u00f6yd\u00e4n molemmilta puolilta edesauttaa meit\u00e4 neuvomaan hyvin k\u00e4yt\u00e4nn\u00f6nl\u00e4heisesti sek\u00e4 julkisyhteis\u00f6j\u00e4 ett\u00e4 toimittajia.<\/p>\n<\/div><\/div><\/div><div class=\"fusion-layout-column fusion_builder_column fusion-builder-column-2 fusion_builder_column_1_5 1_5 fusion-flex-column fusion-flex-align-self-flex-start\" style=\"--awb-bg-size:cover;--awb-width-large:20%;--awb-margin-top-large:0px;--awb-spacing-right-large:9.6%;--awb-margin-bottom-large:20px;--awb-spacing-left-large:9.6%;--awb-width-medium:33.3333333333%;--awb-order-medium:0;--awb-spacing-right-medium:5.76%;--awb-spacing-left-medium:5.76%;--awb-width-small:100%;--awb-order-small:0;--awb-spacing-right-small:1.92%;--awb-spacing-left-small:1.92%;\"><div class=\"fusion-column-wrapper fusion-column-has-shadow fusion-flex-justify-content-flex-start fusion-content-layout-column\"><div class=\"fusion-image-element \" style=\"--awb-max-width:160px;--awb-caption-title-font-family:var(--h2_typography-font-family);--awb-caption-title-font-weight:var(--h2_typography-font-weight);--awb-caption-title-font-style:var(--h2_typography-font-style);--awb-caption-title-size:var(--h2_typography-font-size);--awb-caption-title-transform:var(--h2_typography-text-transform);--awb-caption-title-line-height:var(--h2_typography-line-height);--awb-caption-title-letter-spacing:var(--h2_typography-letter-spacing);\"><span class=\" fusion-imageframe imageframe-none imageframe-2 hover-type-zoomin\"><a class=\"fusion-no-lightbox\" href=\"https:\/\/www.kalliolaw.com\/fi\/asiantuntijat\/johanna-maria-kajaste\/\" target=\"_self\" aria-label=\"_FT_2998-WH_Johanna-Z\"><img decoding=\"async\" width=\"225\" height=\"300\" src=\"https:\/\/www.kalliolaw.com\/wp-content\/uploads\/2025\/10\/FT_2998-WH_Johanna-Z-scaled.jpg\" data-orig-src=\"https:\/\/www.kalliolaw.com\/wp-content\/uploads\/2025\/10\/FT_2998-WH_Johanna-Z-225x300.jpg\" alt class=\"lazyload img-responsive wp-image-9145\" srcset=\"data:image\/svg+xml,%3Csvg%20xmlns%3D%27http%3A%2F%2Fwww.w3.org%2F2000%2Fsvg%27%20width%3D%271920%27%20height%3D%272560%27%20viewBox%3D%270%200%201920%202560%27%3E%3Crect%20width%3D%271920%27%20height%3D%272560%27%20fill-opacity%3D%220%22%2F%3E%3C%2Fsvg%3E\" data-srcset=\"https:\/\/www.kalliolaw.com\/wp-content\/uploads\/2025\/10\/FT_2998-WH_Johanna-Z-200x267.jpg 200w, https:\/\/www.kalliolaw.com\/wp-content\/uploads\/2025\/10\/FT_2998-WH_Johanna-Z-400x533.jpg 400w, https:\/\/www.kalliolaw.com\/wp-content\/uploads\/2025\/10\/FT_2998-WH_Johanna-Z-600x800.jpg 600w, https:\/\/www.kalliolaw.com\/wp-content\/uploads\/2025\/10\/FT_2998-WH_Johanna-Z-800x1067.jpg 800w, https:\/\/www.kalliolaw.com\/wp-content\/uploads\/2025\/10\/FT_2998-WH_Johanna-Z-1200x1600.jpg 1200w, https:\/\/www.kalliolaw.com\/wp-content\/uploads\/2025\/10\/FT_2998-WH_Johanna-Z-scaled.jpg 1920w\" data-sizes=\"auto\" data-orig-sizes=\"(max-width: 1024px) 100vw, (max-width: 640px) 100vw, 200px\" \/><\/a><\/span><\/div><div class=\"fusion-separator fusion-full-width-sep\" style=\"align-self: center;margin-left: auto;margin-right: auto;margin-top:10px;width:100%;\"><\/div><div class=\"fusion-text fusion-text-2\" style=\"--awb-font-size:13px;--awb-line-height:1.7em;\"><p><strong><span style=\"color: #ef7d00;\">Johanna Maria Kajaste<\/span><\/strong> (+358)050 5911 085 <a href=\"mailto:johanna.maria.kajaste@kalliolaw.fi\">johanna.maria.kajaste@<wbr \/>kalliolaw.fi<\/a><\/p>\n<\/div><\/div><\/div><div class=\"fusion-layout-column fusion_builder_column fusion-builder-column-3 fusion_builder_column_1_5 1_5 fusion-flex-column fusion-flex-align-self-flex-start\" style=\"--awb-bg-size:cover;--awb-width-large:20%;--awb-margin-top-large:0px;--awb-spacing-right-large:9.6%;--awb-margin-bottom-large:20px;--awb-spacing-left-large:9.6%;--awb-width-medium:33.3333333333%;--awb-order-medium:0;--awb-spacing-right-medium:5.76%;--awb-spacing-left-medium:5.76%;--awb-width-small:100%;--awb-order-small:0;--awb-spacing-right-small:1.92%;--awb-spacing-left-small:1.92%;\"><div class=\"fusion-column-wrapper fusion-column-has-shadow fusion-flex-justify-content-flex-start fusion-content-layout-column\"><\/div><\/div><\/div><\/div><div class=\"fusion-fullwidth fullwidth-box fusion-builder-row-3 fusion-flex-container has-pattern-background has-mask-background nonhundred-percent-fullwidth non-hundred-percent-height-scrolling\" style=\"--awb-border-radius-top-left:0px;--awb-border-radius-top-right:0px;--awb-border-radius-bottom-right:0px;--awb-border-radius-bottom-left:0px;--awb-padding-top:50px;--awb-padding-bottom:50px;--awb-background-color:var(--awb-color3);--awb-flex-wrap:wrap;\" ><div class=\"fusion-builder-row fusion-row fusion-flex-align-items-flex-start fusion-flex-content-wrap\" style=\"max-width:1144px;margin-left: calc(-4% \/ 2 );margin-right: calc(-4% \/ 2 );\"><div class=\"fusion-layout-column fusion_builder_column fusion-builder-column-4 fusion_builder_column_2_3 2_3 fusion-flex-column\" style=\"--awb-bg-size:cover;--awb-width-large:66.6666666667%;--awb-margin-top-large:0px;--awb-spacing-right-large:2.88%;--awb-margin-bottom-large:20px;--awb-spacing-left-large:2.88%;--awb-width-medium:100%;--awb-order-medium:0;--awb-spacing-right-medium:1.92%;--awb-spacing-left-medium:1.92%;--awb-width-small:100%;--awb-order-small:0;--awb-spacing-right-small:1.92%;--awb-spacing-left-small:1.92%;\" data-scroll-devices=\"small-visibility,medium-visibility,large-visibility\"><div class=\"fusion-column-wrapper fusion-column-has-shadow fusion-flex-justify-content-flex-start fusion-content-layout-column\"><div class=\"fusion-title title fusion-title-2 fusion-sep-none fusion-title-text fusion-title-size-three\" style=\"--awb-text-color:var(--awb-color7);\"><h3 class=\"fusion-title-heading title-heading-left fusion-responsive-typography-calculated\" style=\"margin:0;--fontSize:22;line-height:1.5;\">REFERENSSIT<\/h3><\/div><div class=\"fusion-post-cards fusion-post-cards-1 awb-carousel awb-swiper awb-swiper-carousel awb-swiper-dots-position-bottom\" style=\"--awb-arrow-box-width:40px;--awb-arrow-box-height:40px;--awb-dots-align:center;--awb-columns:3;--awb-active-filter-border-size:3px;--awb-filters-height:36px;\" data-autoplay=\"no\" data-loop=\"yes\" data-columns=\"3\" data-columnsmedium=\"0\" data-columnssmall=\"0\" data-itemmargin=\"40\" data-itemwidth=\"180\" data-touchscroll=\"yes\" data-imagesize=\"auto\" data-scrollitems=\"0\" data-mousepointer=\"default\" data-layout=\"carousel\"><div class=\"swiper-wrapper fusion-flex-align-items-flex-start\"><div class=\"fusion_builder_column fusion-builder-column-5 fusion-flex-column post-card swiper-slide\" style=\"--awb-bg-blend:overlay;--awb-bg-size:cover;\"><div class=\"fusion-column-wrapper fusion-flex-justify-content-flex-start fusion-content-layout-column fusion-carousel-item-wrapper\"><div class=\"fusion-classic-product-image-wrapper fusion-woo-product-image fusion-post-card-image fusion-post-card-image-1\" data-layout=\"static\" style=\"--awb-border-radius-top-left:0px;--awb-border-radius-top-right:0px;--awb-border-radius-bottom-right:0px;--awb-border-radius-bottom-left:0px;\"><div  class=\"fusion-image-wrapper\" aria-haspopup=\"true\">\n\t\t\t\t\t\t\t<a href=\"https:\/\/www.kalliolaw.com\/fi\/news\/kalliolaw-avusti-menestyksekkaasti-dustin-finland-oyta-julkista-hankintaa-koskevassa-riidassa\/\" aria-label=\"Kalliolaw avusti menestyksekk\u00e4\u00e4sti Dustin Finland Oy:t\u00e4 julkista hankintaa koskevassa riidassa\">\n\t\t\t\t\t\t\t<img decoding=\"async\" width=\"1200\" height=\"800\" src=\"https:\/\/www.kalliolaw.com\/wp-content\/uploads\/2020\/08\/Kalliolaw-references5.jpg\" class=\"attachment-full size-full lazyload wp-post-image\" alt=\"\" srcset=\"data:image\/svg+xml,%3Csvg%20xmlns%3D%27http%3A%2F%2Fwww.w3.org%2F2000%2Fsvg%27%20width%3D%271200%27%20height%3D%27800%27%20viewBox%3D%270%200%201200%20800%27%3E%3Crect%20width%3D%271200%27%20height%3D%27800%27%20fill-opacity%3D%220%22%2F%3E%3C%2Fsvg%3E\" data-orig-src=\"https:\/\/www.kalliolaw.com\/wp-content\/uploads\/2020\/08\/Kalliolaw-references5.jpg\" data-srcset=\"https:\/\/www.kalliolaw.com\/wp-content\/uploads\/2020\/08\/Kalliolaw-references5-200x133.jpg 200w, https:\/\/www.kalliolaw.com\/wp-content\/uploads\/2020\/08\/Kalliolaw-references5-400x267.jpg 400w, https:\/\/www.kalliolaw.com\/wp-content\/uploads\/2020\/08\/Kalliolaw-references5-600x400.jpg 600w, https:\/\/www.kalliolaw.com\/wp-content\/uploads\/2020\/08\/Kalliolaw-references5-800x533.jpg 800w, https:\/\/www.kalliolaw.com\/wp-content\/uploads\/2020\/08\/Kalliolaw-references5.jpg 1200w\" data-sizes=\"auto\" \/>\t\t\t<\/a>\n\t\t\t\t\t\t\t<\/div>\n<\/div><div class=\"fusion-meta-tb fusion-meta-tb-1 floated\" style=\"--awb-height:36px;--awb-text-color:#ef7d00;--awb-border-color:rgba(245,239,232,0);--awb-item-border-color:rgba(245,239,232,0);--awb-alignment-medium:flex-start;--awb-alignment-small:flex-start;\"><span class=\"fusion-tb-published-date\">15.02.2019<\/span><span class=\"fusion-meta-tb-sep\">\u2013<\/span><\/div><div class=\"fusion-title title fusion-title-3 fusion-sep-none fusion-title-text fusion-title-size-four\" style=\"--awb-text-color:var(--awb-color8);--awb-margin-bottom:10px;--awb-margin-top-small:20px;--awb-margin-bottom-small:6px;--awb-link-hover-color:var(--awb-color5);\"><h4 class=\"fusion-title-heading title-heading-left fusion-responsive-typography-calculated\" style=\"margin:0;--fontSize:14;--minFontSize:14;line-height:1.5;\"><a href=\"https:\/\/www.kalliolaw.com\/fi\/news\/kalliolaw-avusti-menestyksekkaasti-dustin-finland-oyta-julkista-hankintaa-koskevassa-riidassa\/\" class=\"awb-custom-text-color awb-custom-text-hover-color\" target=\"_self\">Kalliolaw avusti menestyksekk\u00e4\u00e4sti Dustin Finland Oy:t\u00e4 julkista hankintaa koskevassa riidassa<\/a><\/h4><\/div><\/div><\/div>\n<div class=\"fusion_builder_column fusion-builder-column-6 fusion-flex-column post-card swiper-slide\" style=\"--awb-bg-blend:overlay;--awb-bg-size:cover;\"><div class=\"fusion-column-wrapper fusion-flex-justify-content-flex-start fusion-content-layout-column fusion-carousel-item-wrapper\"><div class=\"fusion-classic-product-image-wrapper fusion-woo-product-image fusion-post-card-image fusion-post-card-image-1\" data-layout=\"static\" style=\"--awb-border-radius-top-left:0px;--awb-border-radius-top-right:0px;--awb-border-radius-bottom-right:0px;--awb-border-radius-bottom-left:0px;\"><div  class=\"fusion-image-wrapper\" aria-haspopup=\"true\">\n\t\t\t\t\t\t\t<a href=\"https:\/\/www.kalliolaw.com\/fi\/news\/kalliolaw-edusti-dustinia-julkista-hankintaa-koskevassa-valitusasiassa\/\" aria-label=\"Kalliolaw edusti Dustinia julkista hankintaa koskevassa valitusasiassa\">\n\t\t\t\t\t\t\t<img decoding=\"async\" width=\"1200\" height=\"800\" src=\"data:image\/svg+xml,%3Csvg%20xmlns%3D%27http%3A%2F%2Fwww.w3.org%2F2000%2Fsvg%27%20width%3D%271200%27%20height%3D%27800%27%20viewBox%3D%270%200%201200%20800%27%3E%3Crect%20width%3D%271200%27%20height%3D%27800%27%20fill-opacity%3D%220%22%2F%3E%3C%2Fsvg%3E\" class=\"attachment-full size-full lazyload wp-post-image\" alt=\"\" data-orig-src=\"https:\/\/www.kalliolaw.com\/wp-content\/uploads\/2020\/03\/Kalliolaw-news4-e1772615848401.jpg\" \/>\t\t\t<\/a>\n\t\t\t\t\t\t\t<\/div>\n<\/div><div class=\"fusion-meta-tb fusion-meta-tb-2 floated\" style=\"--awb-height:36px;--awb-text-color:#ef7d00;--awb-border-color:rgba(245,239,232,0);--awb-item-border-color:rgba(245,239,232,0);--awb-alignment-medium:flex-start;--awb-alignment-small:flex-start;\"><span class=\"fusion-tb-published-date\">11.11.2016<\/span><span class=\"fusion-meta-tb-sep\">\u2013<\/span><\/div><div class=\"fusion-title title fusion-title-4 fusion-sep-none fusion-title-text fusion-title-size-four\" style=\"--awb-text-color:var(--awb-color8);--awb-margin-bottom:10px;--awb-margin-top-small:20px;--awb-margin-bottom-small:6px;--awb-link-hover-color:var(--awb-color5);\"><h4 class=\"fusion-title-heading title-heading-left fusion-responsive-typography-calculated\" style=\"margin:0;--fontSize:14;--minFontSize:14;line-height:1.5;\"><a href=\"https:\/\/www.kalliolaw.com\/fi\/news\/kalliolaw-edusti-dustinia-julkista-hankintaa-koskevassa-valitusasiassa\/\" class=\"awb-custom-text-color awb-custom-text-hover-color\" target=\"_self\">Kalliolaw edusti Dustinia julkista hankintaa koskevassa valitusasiassa<\/a><\/h4><\/div><\/div><\/div>\n<\/div><div class=\"awb-swiper-button awb-swiper-button-prev\"><i class=\"awb-icon-angle-left\" aria-hidden=\"true\"><\/i><\/div><div class=\"awb-swiper-button awb-swiper-button-next\"><i class=\"awb-icon-angle-right\" aria-hidden=\"true\"><\/i><\/div><\/div><\/div><\/div><\/div><\/div><\/p>\n","protected":false},"excerpt":{"rendered":"","protected":false},"author":2,"featured_media":0,"parent":1336,"menu_order":0,"comment_status":"closed","ping_status":"closed","template":"100-width.php","meta":{"footnotes":""},"class_list":["post-1321","page","type-page","status-publish","hentry"],"_links":{"self":[{"href":"https:\/\/www.kalliolaw.com\/fi\/wp-json\/wp\/v2\/pages\/1321","targetHints":{"allow":["GET"]}}],"collection":[{"href":"https:\/\/www.kalliolaw.com\/fi\/wp-json\/wp\/v2\/pages"}],"about":[{"href":"https:\/\/www.kalliolaw.com\/fi\/wp-json\/wp\/v2\/types\/page"}],"author":[{"embeddable":true,"href":"https:\/\/www.kalliolaw.com\/fi\/wp-json\/wp\/v2\/users\/2"}],"replies":[{"embeddable":true,"href":"https:\/\/www.kalliolaw.com\/fi\/wp-json\/wp\/v2\/comments?post=1321"}],"version-history":[{"count":44,"href":"https:\/\/www.kalliolaw.com\/fi\/wp-json\/wp\/v2\/pages\/1321\/revisions"}],"predecessor-version":[{"id":9261,"href":"https:\/\/www.kalliolaw.com\/fi\/wp-json\/wp\/v2\/pages\/1321\/revisions\/9261"}],"up":[{"embeddable":true,"href":"https:\/\/www.kalliolaw.com\/fi\/wp-json\/wp\/v2\/pages\/1336"}],"wp:attachment":[{"href":"https:\/\/www.kalliolaw.com\/fi\/wp-json\/wp\/v2\/media?parent=1321"}],"curies":[{"name":"wp","href":"https:\/\/api.w.org\/{rel}","templated":true}]}}