{"id":1325,"date":"2020-08-19T12:34:40","date_gmt":"2020-08-19T11:34:40","guid":{"rendered":"http:\/\/u60295.www1.webdomain.fi\/yksityisyyden-suoja-ja-henkilotiedot\/"},"modified":"2025-11-21T10:59:21","modified_gmt":"2025-11-21T08:59:21","slug":"yksityisyyden-suoja-ja-henkilotiedot","status":"publish","type":"page","link":"https:\/\/www.kalliolaw.com\/fi\/palvelumme\/yksityisyyden-suoja-ja-henkilotiedot\/","title":{"rendered":"Yksityisyyden suoja ja henkil\u00f6tiedot"},"content":{"rendered":"<p><div class=\"fusion-fullwidth fullwidth-box fusion-builder-row-1 fusion-flex-container has-pattern-background has-mask-background nonhundred-percent-fullwidth non-hundred-percent-height-scrolling\" style=\"--awb-border-radius-top-left:0px;--awb-border-radius-top-right:0px;--awb-border-radius-bottom-right:0px;--awb-border-radius-bottom-left:0px;--awb-padding-top:00PX;--awb-padding-bottom:0PX;--awb-margin-top:8%;--awb-background-image:linear-gradient(180deg, rgba(255,255,255,0) 0%,rgba(255,255,255,0.95) 100%);--awb-flex-wrap:wrap;\" ><div class=\"fusion-builder-row fusion-row fusion-flex-align-items-center fusion-flex-content-wrap\" style=\"max-width:1144px;margin-left: calc(-4% \/ 2 );margin-right: calc(-4% \/ 2 );\"><div class=\"fusion-layout-column fusion_builder_column fusion-builder-column-0 fusion_builder_column_3_5 3_5 fusion-flex-column fusion-flex-align-self-flex-start\" style=\"--awb-bg-size:cover;--awb-width-large:60%;--awb-margin-top-large:0px;--awb-spacing-right-large:3.2%;--awb-margin-bottom-large:20px;--awb-spacing-left-large:3.2%;--awb-width-medium:50%;--awb-order-medium:0;--awb-spacing-right-medium:3.84%;--awb-spacing-left-medium:3.84%;--awb-width-small:100%;--awb-order-small:0;--awb-spacing-right-small:1.92%;--awb-spacing-left-small:1.92%;\" data-scroll-devices=\"small-visibility,medium-visibility,large-visibility\"><div class=\"fusion-column-wrapper fusion-column-has-shadow fusion-flex-justify-content-flex-start fusion-content-layout-column\"><div class=\"fusion-image-element \" style=\"--awb-caption-title-font-family:var(--h2_typography-font-family);--awb-caption-title-font-weight:var(--h2_typography-font-weight);--awb-caption-title-font-style:var(--h2_typography-font-style);--awb-caption-title-size:var(--h2_typography-font-size);--awb-caption-title-transform:var(--h2_typography-text-transform);--awb-caption-title-line-height:var(--h2_typography-line-height);--awb-caption-title-letter-spacing:var(--h2_typography-letter-spacing);\"><span class=\" fusion-imageframe imageframe-none imageframe-1 hover-type-none\"><img decoding=\"async\" width=\"1350\" height=\"760\" title=\"privacy\" src=\"https:\/\/www.kalliolaw.com\/wp-content\/uploads\/2025\/01\/privacy.jpg\" data-orig-src=\"https:\/\/www.kalliolaw.com\/wp-content\/uploads\/2025\/01\/privacy.jpg\" alt class=\"lazyload img-responsive wp-image-7201\" srcset=\"data:image\/svg+xml,%3Csvg%20xmlns%3D%27http%3A%2F%2Fwww.w3.org%2F2000%2Fsvg%27%20width%3D%271350%27%20height%3D%27760%27%20viewBox%3D%270%200%201350%20760%27%3E%3Crect%20width%3D%271350%27%20height%3D%27760%27%20fill-opacity%3D%220%22%2F%3E%3C%2Fsvg%3E\" data-srcset=\"https:\/\/www.kalliolaw.com\/wp-content\/uploads\/2025\/01\/privacy-200x113.jpg 200w, https:\/\/www.kalliolaw.com\/wp-content\/uploads\/2025\/01\/privacy-400x225.jpg 400w, https:\/\/www.kalliolaw.com\/wp-content\/uploads\/2025\/01\/privacy-600x338.jpg 600w, https:\/\/www.kalliolaw.com\/wp-content\/uploads\/2025\/01\/privacy-800x450.jpg 800w, https:\/\/www.kalliolaw.com\/wp-content\/uploads\/2025\/01\/privacy-1200x676.jpg 1200w, https:\/\/www.kalliolaw.com\/wp-content\/uploads\/2025\/01\/privacy.jpg 1350w\" data-sizes=\"auto\" data-orig-sizes=\"(max-width: 1024px) 100vw, (max-width: 640px) 100vw, 800px\" \/><\/span><\/div><\/div><\/div><\/div><\/div><div class=\"fusion-fullwidth fullwidth-box fusion-builder-row-2 fusion-flex-container nonhundred-percent-fullwidth non-hundred-percent-height-scrolling\" style=\"--awb-background-position:center bottom;--awb-border-radius-top-left:0px;--awb-border-radius-top-right:0px;--awb-border-radius-bottom-right:0px;--awb-border-radius-bottom-left:0px;--awb-padding-bottom:50PX;--awb-margin-top:0px;--awb-margin-bottom:0px;--awb-background-image:linear-gradient(180deg, rgba(245,239,232,0) 0%,#ffffff 100%);--awb-flex-wrap:wrap;\" ><div class=\"fusion-builder-row fusion-row fusion-flex-align-items-flex-start fusion-flex-content-wrap\" style=\"max-width:1144px;margin-left: calc(-4% \/ 2 );margin-right: calc(-4% \/ 2 );\"><div class=\"fusion-layout-column fusion_builder_column fusion-builder-column-1 fusion_builder_column_3_5 3_5 fusion-flex-column fusion-flex-align-self-flex-start\" style=\"--awb-bg-size:cover;--awb-width-large:60%;--awb-margin-top-large:0px;--awb-spacing-right-large:6.4%;--awb-margin-bottom-large:20px;--awb-spacing-left-large:3.2%;--awb-width-medium:100%;--awb-order-medium:0;--awb-spacing-right-medium:3.84%;--awb-spacing-left-medium:1.92%;--awb-width-small:100%;--awb-order-small:0;--awb-spacing-right-small:1.92%;--awb-spacing-left-small:1.92%;\"><div class=\"fusion-column-wrapper fusion-column-has-shadow fusion-flex-justify-content-flex-start fusion-content-layout-column\"><div class=\"fusion-title title fusion-title-1 fusion-sep-none fusion-title-text fusion-title-size-three\" style=\"--awb-text-color:var(--awb-color4);--awb-font-size:28px;\"><h3 class=\"fusion-title-heading title-heading-left fusion-responsive-typography-calculated\" style=\"margin:0;font-size:1em;--fontSize:28;line-height:1.5;\">TEKO\u00c4LY, DATA JA TIETOSUOJA<\/h3><\/div><div class=\"fusion-text fusion-text-1\" style=\"--awb-content-alignment:left;\"><p>Dataan liittyvien vaatimusten huomioiminen on monille yrityksille v\u00e4ltt\u00e4m\u00e4t\u00f6nt\u00e4. Datas\u00e4\u00e4ntelyn (mm. <span style=\"color: #ef7d00;\">teko\u00e4lys\u00e4\u00e4d\u00f6s, datas\u00e4\u00e4d\u00f6s, GDPR, NIS2<\/span>) lis\u00e4\u00e4ntyess\u00e4 yritysten on ryhdytt\u00e4v\u00e4 ennakoiviin toimiin arvioidakseen rooliaan ja vastuitaan.<\/p>\n<p><span style=\"color: #ef7d00;\">Autamme asiakkaitamme tunnistamaan heit\u00e4 koskevat vaatimukset, ymm\u00e4rt\u00e4m\u00e4\u00e4n velvoitteensa ja toteuttamaan toimenpiteit\u00e4 niiden t\u00e4ytt\u00e4miseksi.<\/span> Palvelumme kattaa muun muassa riskien arvioinnin, teko\u00e4lys\u00e4\u00e4d\u00f6ksen mukaisen j\u00e4rjestelmien luokittelun, kaupallisten sopimusten p\u00e4ivitt\u00e4misen datas\u00e4\u00e4d\u00f6ksen vaatimusten mukaisiksi sek\u00e4 viranomaisilmoituksia koskevan prosessin laatimisessa avustamisen. Neuvomme my\u00f6s erilaisten tietotyyppien, kuten sijaintitiedon ja erityisten henkil\u00f6tietoryhmien k\u00e4sittelyss\u00e4 sek\u00e4 kansainv\u00e4lisiss\u00e4 tiedonsiirroissa.<\/p>\n<p>Asiantuntijoiltamme saa liiketoimintal\u00e4ht\u00f6ist\u00e4 ja k\u00e4yt\u00e4nn\u00f6nl\u00e4heist\u00e4 neuvontaa esimerkiksi seuraavissa asioissa:<\/p>\n<ul class=\"diamond\">\n<li>Tietosuojaan, teko\u00e4lyyn ja kyberturvallisuuteen liittyv\u00e4 strateginen neuvonta<\/li>\n<li>Riskien kartoitus ja vaatimusten noudattamisen analysointi<\/li>\n<li>Tietosuojan vaikutustenarvioinnit ja oikeutetun edun arvioinnit<\/li>\n<li>Henkil\u00f6tietojen k\u00e4sittelysopimukset ja rekisteriselosteet (my\u00f6s yhteisrekisterinpit\u00e4jien osalta)<\/li>\n<li>IoT-laitteiden ker\u00e4\u00e4m\u00e4\u00e4 dataa koskevat k\u00e4ytt\u00f6-, p\u00e4\u00e4sy- ja jakosopimukset<\/li>\n<li>IoT- ja datank\u00e4sittelypalvelusopimusten laadinta datas\u00e4\u00e4d\u00f6ksen vaatimusten mukaisesti<\/li>\n<li>Sis\u00e4isten politiikkojen compliance -ty\u00f6kalujen kehitt\u00e4minen<\/li>\n<li>Tuki poikkeamahallintaan ja viranomaisilmoituksiin liittyviss\u00e4 prosesseissa<\/li>\n<\/ul>\n<\/div><\/div><\/div><div class=\"fusion-layout-column fusion_builder_column fusion-builder-column-2 fusion_builder_column_1_5 1_5 fusion-flex-column fusion-flex-align-self-flex-start\" style=\"--awb-bg-size:cover;--awb-width-large:20%;--awb-margin-top-large:0px;--awb-spacing-right-large:9.6%;--awb-margin-bottom-large:20px;--awb-spacing-left-large:9.6%;--awb-width-medium:33.3333333333%;--awb-order-medium:0;--awb-spacing-right-medium:5.76%;--awb-spacing-left-medium:5.76%;--awb-width-small:100%;--awb-order-small:0;--awb-spacing-right-small:1.92%;--awb-spacing-left-small:1.92%;\"><div class=\"fusion-column-wrapper fusion-column-has-shadow fusion-flex-justify-content-flex-start fusion-content-layout-column\"><div class=\"fusion-image-element \" style=\"--awb-max-width:160px;--awb-caption-title-font-family:var(--h2_typography-font-family);--awb-caption-title-font-weight:var(--h2_typography-font-weight);--awb-caption-title-font-style:var(--h2_typography-font-style);--awb-caption-title-size:var(--h2_typography-font-size);--awb-caption-title-transform:var(--h2_typography-text-transform);--awb-caption-title-line-height:var(--h2_typography-line-height);--awb-caption-title-letter-spacing:var(--h2_typography-letter-spacing);\"><span class=\" fusion-imageframe imageframe-none imageframe-2 hover-type-zoomin\"><a class=\"fusion-no-lightbox\" href=\"https:\/\/www.kalliolaw.com\/fi\/asiantuntijat\/pekka-kiviniemi\/\" target=\"_self\" aria-label=\"_FT_8534_WH_Pekka-Z\"><img decoding=\"async\" width=\"225\" height=\"300\" src=\"https:\/\/www.kalliolaw.com\/wp-content\/uploads\/2025\/10\/FT_8534_WH_Pekka-Z-1-scaled.jpg\" data-orig-src=\"https:\/\/www.kalliolaw.com\/wp-content\/uploads\/2025\/10\/FT_8534_WH_Pekka-Z-1-225x300.jpg\" alt class=\"lazyload img-responsive wp-image-8986\" srcset=\"data:image\/svg+xml,%3Csvg%20xmlns%3D%27http%3A%2F%2Fwww.w3.org%2F2000%2Fsvg%27%20width%3D%271920%27%20height%3D%272560%27%20viewBox%3D%270%200%201920%202560%27%3E%3Crect%20width%3D%271920%27%20height%3D%272560%27%20fill-opacity%3D%220%22%2F%3E%3C%2Fsvg%3E\" data-srcset=\"https:\/\/www.kalliolaw.com\/wp-content\/uploads\/2025\/10\/FT_8534_WH_Pekka-Z-1-200x267.jpg 200w, https:\/\/www.kalliolaw.com\/wp-content\/uploads\/2025\/10\/FT_8534_WH_Pekka-Z-1-400x533.jpg 400w, https:\/\/www.kalliolaw.com\/wp-content\/uploads\/2025\/10\/FT_8534_WH_Pekka-Z-1-600x800.jpg 600w, https:\/\/www.kalliolaw.com\/wp-content\/uploads\/2025\/10\/FT_8534_WH_Pekka-Z-1-800x1067.jpg 800w, https:\/\/www.kalliolaw.com\/wp-content\/uploads\/2025\/10\/FT_8534_WH_Pekka-Z-1-1200x1600.jpg 1200w, https:\/\/www.kalliolaw.com\/wp-content\/uploads\/2025\/10\/FT_8534_WH_Pekka-Z-1-scaled.jpg 1920w\" data-sizes=\"auto\" data-orig-sizes=\"(max-width: 1024px) 100vw, (max-width: 640px) 100vw, 200px\" \/><\/a><\/span><\/div><div class=\"fusion-separator fusion-full-width-sep\" style=\"align-self: center;margin-left: auto;margin-right: auto;margin-top:10px;width:100%;\"><\/div><div class=\"fusion-text fusion-text-2\" style=\"--awb-font-size:13px;--awb-line-height:1.7em;\"><p><strong><span style=\"color: #ef7d00;\">Pekka Kiviniemi<\/span><\/strong><br \/>\n<a href=\"tel:+358 50 5911 088\">+358 50 5911 088<\/a><br \/>\n<a href=\"mailto:pekka.kiviniemi@kalliolaw.fi\">pekka.kiviniemi@kalliolaw.fi<\/a><\/p>\n<\/div><div class=\"fusion-separator fusion-full-width-sep\" style=\"align-self: center;margin-left: auto;margin-right: auto;margin-top:10px;width:100%;\"><\/div><div class=\"fusion-image-element \" style=\"--awb-max-width:160px;--awb-caption-title-font-family:var(--h2_typography-font-family);--awb-caption-title-font-weight:var(--h2_typography-font-weight);--awb-caption-title-font-style:var(--h2_typography-font-style);--awb-caption-title-size:var(--h2_typography-font-size);--awb-caption-title-transform:var(--h2_typography-text-transform);--awb-caption-title-line-height:var(--h2_typography-line-height);--awb-caption-title-letter-spacing:var(--h2_typography-letter-spacing);\"><span class=\" fusion-imageframe imageframe-none imageframe-3 hover-type-zoomin\"><a class=\"fusion-no-lightbox\" href=\"https:\/\/www.kalliolaw.com\/fi\/lassi-kanerva\/\" target=\"_self\" aria-label=\"_FT_8641_WH_Lasse-Z\"><img decoding=\"async\" width=\"225\" height=\"300\" src=\"https:\/\/www.kalliolaw.com\/wp-content\/uploads\/2025\/10\/FT_8641_WH_Lasse-Z-1-scaled.jpg\" data-orig-src=\"https:\/\/www.kalliolaw.com\/wp-content\/uploads\/2025\/10\/FT_8641_WH_Lasse-Z-1-225x300.jpg\" alt class=\"lazyload img-responsive wp-image-8990\" srcset=\"data:image\/svg+xml,%3Csvg%20xmlns%3D%27http%3A%2F%2Fwww.w3.org%2F2000%2Fsvg%27%20width%3D%271920%27%20height%3D%272560%27%20viewBox%3D%270%200%201920%202560%27%3E%3Crect%20width%3D%271920%27%20height%3D%272560%27%20fill-opacity%3D%220%22%2F%3E%3C%2Fsvg%3E\" data-srcset=\"https:\/\/www.kalliolaw.com\/wp-content\/uploads\/2025\/10\/FT_8641_WH_Lasse-Z-1-200x267.jpg 200w, https:\/\/www.kalliolaw.com\/wp-content\/uploads\/2025\/10\/FT_8641_WH_Lasse-Z-1-400x533.jpg 400w, https:\/\/www.kalliolaw.com\/wp-content\/uploads\/2025\/10\/FT_8641_WH_Lasse-Z-1-600x800.jpg 600w, https:\/\/www.kalliolaw.com\/wp-content\/uploads\/2025\/10\/FT_8641_WH_Lasse-Z-1-800x1067.jpg 800w, https:\/\/www.kalliolaw.com\/wp-content\/uploads\/2025\/10\/FT_8641_WH_Lasse-Z-1-1200x1600.jpg 1200w, https:\/\/www.kalliolaw.com\/wp-content\/uploads\/2025\/10\/FT_8641_WH_Lasse-Z-1-scaled.jpg 1920w\" data-sizes=\"auto\" data-orig-sizes=\"(max-width: 1024px) 100vw, (max-width: 640px) 100vw, 200px\" \/><\/a><\/span><\/div><div class=\"fusion-separator fusion-full-width-sep\" style=\"align-self: center;margin-left: auto;margin-right: auto;margin-top:10px;width:100%;\"><\/div><div class=\"fusion-text fusion-text-3\" style=\"--awb-font-size:13px;--awb-line-height:1.7em;\"><p><strong><span style=\"color: #ef7d00;\">Lassi Kanerva<\/span><\/strong><br \/>\n<a href=\"tel:+358 50 5911 100\">+358 50 5911 100<\/a><br \/>\n<a href=\"mailto:lassi.kanerva@kalliolaw.fi\">lassi.kanerva@kalliolaw.fi<\/a><\/p>\n<\/div><\/div><\/div><div class=\"fusion-layout-column fusion_builder_column fusion-builder-column-3 fusion_builder_column_1_5 1_5 fusion-flex-column fusion-flex-align-self-flex-start\" style=\"--awb-bg-size:cover;--awb-width-large:20%;--awb-margin-top-large:0px;--awb-spacing-right-large:9.6%;--awb-margin-bottom-large:20px;--awb-spacing-left-large:9.6%;--awb-width-medium:33.3333333333%;--awb-order-medium:0;--awb-spacing-right-medium:5.76%;--awb-spacing-left-medium:5.76%;--awb-width-small:100%;--awb-order-small:0;--awb-spacing-right-small:1.92%;--awb-spacing-left-small:1.92%;\"><div class=\"fusion-column-wrapper fusion-column-has-shadow fusion-flex-justify-content-flex-start fusion-content-layout-column\"><div class=\"fusion-image-element \" style=\"--awb-max-width:160px;--awb-caption-title-font-family:var(--h2_typography-font-family);--awb-caption-title-font-weight:var(--h2_typography-font-weight);--awb-caption-title-font-style:var(--h2_typography-font-style);--awb-caption-title-size:var(--h2_typography-font-size);--awb-caption-title-transform:var(--h2_typography-text-transform);--awb-caption-title-line-height:var(--h2_typography-line-height);--awb-caption-title-letter-spacing:var(--h2_typography-letter-spacing);\"><span class=\" fusion-imageframe imageframe-none imageframe-4 hover-type-zoomin\"><a class=\"fusion-no-lightbox\" href=\"https:\/\/www.kalliolaw.com\/fi\/asiantuntijat\/tiina-kekalainen\/\" target=\"_self\" aria-label=\"_FT_8786_WH_Tiina-Z\"><img decoding=\"async\" width=\"225\" height=\"300\" src=\"https:\/\/www.kalliolaw.com\/wp-content\/uploads\/2025\/10\/FT_8786_WH_Tiina-Z-1-scaled.jpg\" data-orig-src=\"https:\/\/www.kalliolaw.com\/wp-content\/uploads\/2025\/10\/FT_8786_WH_Tiina-Z-1-225x300.jpg\" alt class=\"lazyload img-responsive wp-image-8994\" srcset=\"data:image\/svg+xml,%3Csvg%20xmlns%3D%27http%3A%2F%2Fwww.w3.org%2F2000%2Fsvg%27%20width%3D%271920%27%20height%3D%272560%27%20viewBox%3D%270%200%201920%202560%27%3E%3Crect%20width%3D%271920%27%20height%3D%272560%27%20fill-opacity%3D%220%22%2F%3E%3C%2Fsvg%3E\" data-srcset=\"https:\/\/www.kalliolaw.com\/wp-content\/uploads\/2025\/10\/FT_8786_WH_Tiina-Z-1-200x267.jpg 200w, https:\/\/www.kalliolaw.com\/wp-content\/uploads\/2025\/10\/FT_8786_WH_Tiina-Z-1-400x533.jpg 400w, https:\/\/www.kalliolaw.com\/wp-content\/uploads\/2025\/10\/FT_8786_WH_Tiina-Z-1-600x800.jpg 600w, https:\/\/www.kalliolaw.com\/wp-content\/uploads\/2025\/10\/FT_8786_WH_Tiina-Z-1-800x1067.jpg 800w, https:\/\/www.kalliolaw.com\/wp-content\/uploads\/2025\/10\/FT_8786_WH_Tiina-Z-1-1200x1600.jpg 1200w, https:\/\/www.kalliolaw.com\/wp-content\/uploads\/2025\/10\/FT_8786_WH_Tiina-Z-1-scaled.jpg 1920w\" data-sizes=\"auto\" data-orig-sizes=\"(max-width: 1024px) 100vw, (max-width: 640px) 100vw, 200px\" \/><\/a><\/span><\/div><div class=\"fusion-separator fusion-full-width-sep\" style=\"align-self: center;margin-left: auto;margin-right: auto;margin-top:10px;width:100%;\"><\/div><div class=\"fusion-text fusion-text-4\" style=\"--awb-font-size:13px;--awb-line-height:1.7em;\"><p><strong><span style=\"color: #ef7d00;\">Tiina Kek\u00e4l\u00e4inen<\/span><\/strong><br \/>\n<a href=\"tel:+358 50 5965 969\">+358 50 5965 969<\/a><br \/>\n<a href=\"mailto:tiina.kekalainen@kalliolaw.fi\">tiina.kekalainen@kalliolaw.fi<\/a><\/p>\n<\/div><\/div><\/div><\/div><\/div><div class=\"fusion-fullwidth fullwidth-box fusion-builder-row-3 fusion-flex-container has-pattern-background has-mask-background nonhundred-percent-fullwidth non-hundred-percent-height-scrolling\" style=\"--awb-border-radius-top-left:0px;--awb-border-radius-top-right:0px;--awb-border-radius-bottom-right:0px;--awb-border-radius-bottom-left:0px;--awb-padding-top:50px;--awb-padding-bottom:50px;--awb-background-color:var(--awb-color3);--awb-flex-wrap:wrap;\" ><div class=\"fusion-builder-row fusion-row fusion-flex-align-items-flex-start fusion-flex-content-wrap\" style=\"max-width:1144px;margin-left: calc(-4% \/ 2 );margin-right: calc(-4% \/ 2 );\"><div class=\"fusion-layout-column fusion_builder_column fusion-builder-column-4 fusion_builder_column_1_3 1_3 fusion-flex-column\" style=\"--awb-bg-size:cover;--awb-width-large:33.3333333333%;--awb-margin-top-large:0px;--awb-spacing-right-large:5.76%;--awb-margin-bottom-large:20px;--awb-spacing-left-large:5.76%;--awb-width-medium:100%;--awb-order-medium:0;--awb-spacing-right-medium:1.92%;--awb-spacing-left-medium:1.92%;--awb-width-small:100%;--awb-order-small:0;--awb-spacing-right-small:1.92%;--awb-spacing-left-small:1.92%;\"><div class=\"fusion-column-wrapper fusion-column-has-shadow fusion-flex-justify-content-flex-start fusion-content-layout-column\"><div class=\"fusion-title title fusion-title-2 fusion-sep-none fusion-title-text fusion-title-size-three\" style=\"--awb-text-color:var(--awb-color7);\"><h3 class=\"fusion-title-heading title-heading-left fusion-responsive-typography-calculated\" style=\"margin:0;--fontSize:22;line-height:1.5;\">REFERENSSIT<\/h3><\/div><div class=\"fusion-post-cards fusion-post-cards-1 awb-carousel awb-swiper awb-swiper-carousel awb-swiper-dots-position-bottom\" style=\"--awb-arrow-box-width:40px;--awb-arrow-box-height:40px;--awb-dots-align:center;--awb-columns:3;--awb-active-filter-border-size:3px;--awb-filters-height:36px;\" data-autoplay=\"no\" data-loop=\"yes\" data-columns=\"3\" data-columnsmedium=\"0\" data-columnssmall=\"0\" data-itemmargin=\"40\" data-itemwidth=\"180\" data-touchscroll=\"yes\" data-imagesize=\"auto\" data-scrollitems=\"0\" data-mousepointer=\"default\" data-layout=\"carousel\"><div class=\"swiper-wrapper fusion-flex-align-items-flex-start\"><div class=\"fusion_builder_column fusion-builder-column-5 fusion-flex-column post-card swiper-slide\" style=\"--awb-bg-blend:overlay;--awb-bg-size:cover;\"><div class=\"fusion-column-wrapper fusion-flex-justify-content-flex-start fusion-content-layout-column fusion-carousel-item-wrapper\"><div class=\"fusion-classic-product-image-wrapper fusion-woo-product-image fusion-post-card-image fusion-post-card-image-1\" data-layout=\"static\" style=\"--awb-border-radius-top-left:0px;--awb-border-radius-top-right:0px;--awb-border-radius-bottom-right:0px;--awb-border-radius-bottom-left:0px;\"><div  class=\"fusion-image-wrapper\" aria-haspopup=\"true\">\n\t\t\t\t\t\t\t<a href=\"https:\/\/www.kalliolaw.com\/fi\/news\/kalliolaw-neuvoo-bond-mobilitya\/\" aria-label=\"Kalliolaw neuvoo Bond Mobilitya\">\n\t\t\t\t\t\t\t<img decoding=\"async\" width=\"1200\" height=\"800\" src=\"https:\/\/www.kalliolaw.com\/wp-content\/uploads\/2020\/08\/Kalliolaw-adviced-3.jpg\" class=\"attachment-full size-full lazyload wp-post-image\" alt=\"\" srcset=\"data:image\/svg+xml,%3Csvg%20xmlns%3D%27http%3A%2F%2Fwww.w3.org%2F2000%2Fsvg%27%20width%3D%271200%27%20height%3D%27800%27%20viewBox%3D%270%200%201200%20800%27%3E%3Crect%20width%3D%271200%27%20height%3D%27800%27%20fill-opacity%3D%220%22%2F%3E%3C%2Fsvg%3E\" data-orig-src=\"https:\/\/www.kalliolaw.com\/wp-content\/uploads\/2020\/08\/Kalliolaw-adviced-3.jpg\" data-srcset=\"https:\/\/www.kalliolaw.com\/wp-content\/uploads\/2020\/08\/Kalliolaw-adviced-3-200x133.jpg 200w, https:\/\/www.kalliolaw.com\/wp-content\/uploads\/2020\/08\/Kalliolaw-adviced-3-400x267.jpg 400w, https:\/\/www.kalliolaw.com\/wp-content\/uploads\/2020\/08\/Kalliolaw-adviced-3-600x400.jpg 600w, https:\/\/www.kalliolaw.com\/wp-content\/uploads\/2020\/08\/Kalliolaw-adviced-3-800x533.jpg 800w, https:\/\/www.kalliolaw.com\/wp-content\/uploads\/2020\/08\/Kalliolaw-adviced-3.jpg 1200w\" data-sizes=\"auto\" \/>\t\t\t<\/a>\n\t\t\t\t\t\t\t<\/div>\n<\/div><div class=\"fusion-meta-tb fusion-meta-tb-1 floated\" style=\"--awb-height:36px;--awb-text-color:#ef7d00;--awb-border-color:rgba(245,239,232,0);--awb-item-border-color:rgba(245,239,232,0);--awb-alignment-medium:flex-start;--awb-alignment-small:flex-start;\"><span class=\"fusion-tb-published-date\">24.02.2020<\/span><span class=\"fusion-meta-tb-sep\">\u2013<\/span><\/div><div class=\"fusion-title title fusion-title-3 fusion-sep-none fusion-title-text fusion-title-size-four\" style=\"--awb-text-color:var(--awb-color8);--awb-margin-bottom:10px;--awb-margin-top-small:20px;--awb-margin-bottom-small:6px;--awb-link-hover-color:var(--awb-color5);\"><h4 class=\"fusion-title-heading title-heading-left fusion-responsive-typography-calculated\" style=\"margin:0;--fontSize:14;--minFontSize:14;line-height:1.5;\"><a href=\"https:\/\/www.kalliolaw.com\/fi\/news\/kalliolaw-neuvoo-bond-mobilitya\/\" class=\"awb-custom-text-color awb-custom-text-hover-color\" target=\"_self\">Kalliolaw neuvoo Bond Mobilitya<\/a><\/h4><\/div><\/div><\/div>\n<\/div><div class=\"awb-swiper-button awb-swiper-button-prev\"><i class=\"awb-icon-angle-left\" aria-hidden=\"true\"><\/i><\/div><div class=\"awb-swiper-button awb-swiper-button-next\"><i class=\"awb-icon-angle-right\" aria-hidden=\"true\"><\/i><\/div><\/div><\/div><\/div><\/div><\/div><\/p>\n","protected":false},"excerpt":{"rendered":"","protected":false},"author":2,"featured_media":0,"parent":1336,"menu_order":0,"comment_status":"closed","ping_status":"closed","template":"100-width.php","meta":{"footnotes":""},"class_list":["post-1325","page","type-page","status-publish","hentry"],"_links":{"self":[{"href":"https:\/\/www.kalliolaw.com\/fi\/wp-json\/wp\/v2\/pages\/1325","targetHints":{"allow":["GET"]}}],"collection":[{"href":"https:\/\/www.kalliolaw.com\/fi\/wp-json\/wp\/v2\/pages"}],"about":[{"href":"https:\/\/www.kalliolaw.com\/fi\/wp-json\/wp\/v2\/types\/page"}],"author":[{"embeddable":true,"href":"https:\/\/www.kalliolaw.com\/fi\/wp-json\/wp\/v2\/users\/2"}],"replies":[{"embeddable":true,"href":"https:\/\/www.kalliolaw.com\/fi\/wp-json\/wp\/v2\/comments?post=1325"}],"version-history":[{"count":60,"href":"https:\/\/www.kalliolaw.com\/fi\/wp-json\/wp\/v2\/pages\/1325\/revisions"}],"predecessor-version":[{"id":9225,"href":"https:\/\/www.kalliolaw.com\/fi\/wp-json\/wp\/v2\/pages\/1325\/revisions\/9225"}],"up":[{"embeddable":true,"href":"https:\/\/www.kalliolaw.com\/fi\/wp-json\/wp\/v2\/pages\/1336"}],"wp:attachment":[{"href":"https:\/\/www.kalliolaw.com\/fi\/wp-json\/wp\/v2\/media?parent=1325"}],"curies":[{"name":"wp","href":"https:\/\/api.w.org\/{rel}","templated":true}]}}