{"id":2870,"date":"2021-01-15T14:39:56","date_gmt":"2021-01-15T12:39:56","guid":{"rendered":"https:\/\/www.kalliolaw.com\/asiantuntijat\/regina-kalliokoski\/"},"modified":"2025-10-27T14:28:00","modified_gmt":"2025-10-27T12:28:00","slug":"regina-kalliokoski","status":"publish","type":"page","link":"https:\/\/www.kalliolaw.com\/fi\/asiantuntijat\/regina-kalliokoski\/","title":{"rendered":"Regina Kalliokoski"},"content":{"rendered":"<p><div class=\"fusion-fullwidth fullwidth-box fusion-builder-row-1 fusion-flex-container has-pattern-background has-mask-background nonhundred-percent-fullwidth non-hundred-percent-height-scrolling fusion-no-small-visibility\" style=\"--awb-background-position:left top;--awb-border-radius-top-left:0px;--awb-border-radius-top-right:0px;--awb-border-radius-bottom-right:0px;--awb-border-radius-bottom-left:0px;--awb-padding-top:20px;--awb-margin-top:40px;--awb-background-color:#8a8a8a;--awb-flex-wrap:wrap;\" ><div class=\"fusion-builder-row fusion-row fusion-flex-align-items-flex-end fusion-flex-content-wrap\" style=\"max-width:1144px;margin-left: calc(-4% \/ 2 );margin-right: calc(-4% \/ 2 );\"><div class=\"fusion-layout-column fusion_builder_column fusion-builder-column-0 fusion_builder_column_2_5 2_5 fusion-flex-column fusion-flex-align-self-flex-end\" style=\"--awb-bg-size:cover;--awb-width-large:40%;--awb-margin-top-large:0px;--awb-spacing-right-large:4.8%;--awb-margin-bottom-large:20px;--awb-spacing-left-large:4.8%;--awb-width-medium:25%;--awb-order-medium:0;--awb-spacing-right-medium:15.36%;--awb-spacing-left-medium:0%;--awb-width-small:50%;--awb-order-small:0;--awb-spacing-right-small:11.52%;--awb-spacing-left-small:3.84%;\" data-scroll-devices=\"small-visibility,medium-visibility,large-visibility\"><div class=\"fusion-column-wrapper fusion-column-has-shadow fusion-flex-justify-content-center fusion-content-layout-row\"><div class=\"fusion-image-element \" style=\"--awb-max-width:350px;--awb-caption-title-font-family:var(--h2_typography-font-family);--awb-caption-title-font-weight:var(--h2_typography-font-weight);--awb-caption-title-font-style:var(--h2_typography-font-style);--awb-caption-title-size:var(--h2_typography-font-size);--awb-caption-title-transform:var(--h2_typography-text-transform);--awb-caption-title-line-height:var(--h2_typography-line-height);--awb-caption-title-letter-spacing:var(--h2_typography-letter-spacing);\"><span class=\" fusion-imageframe imageframe-none imageframe-1 hover-type-none\"><img decoding=\"async\" width=\"225\" height=\"300\" title=\"_FT_8308_Regina-Z\" src=\"https:\/\/www.kalliolaw.com\/wp-content\/uploads\/2025\/10\/FT_8308_Regina-Z-scaled.jpg\" data-orig-src=\"https:\/\/www.kalliolaw.com\/wp-content\/uploads\/2025\/10\/FT_8308_Regina-Z-225x300.jpg\" alt class=\"lazyload img-responsive wp-image-8904\" srcset=\"data:image\/svg+xml,%3Csvg%20xmlns%3D%27http%3A%2F%2Fwww.w3.org%2F2000%2Fsvg%27%20width%3D%271920%27%20height%3D%272560%27%20viewBox%3D%270%200%201920%202560%27%3E%3Crect%20width%3D%271920%27%20height%3D%272560%27%20fill-opacity%3D%220%22%2F%3E%3C%2Fsvg%3E\" data-srcset=\"https:\/\/www.kalliolaw.com\/wp-content\/uploads\/2025\/10\/FT_8308_Regina-Z-200x267.jpg 200w, https:\/\/www.kalliolaw.com\/wp-content\/uploads\/2025\/10\/FT_8308_Regina-Z-400x533.jpg 400w, https:\/\/www.kalliolaw.com\/wp-content\/uploads\/2025\/10\/FT_8308_Regina-Z-600x800.jpg 600w, https:\/\/www.kalliolaw.com\/wp-content\/uploads\/2025\/10\/FT_8308_Regina-Z-800x1067.jpg 800w, https:\/\/www.kalliolaw.com\/wp-content\/uploads\/2025\/10\/FT_8308_Regina-Z-1200x1600.jpg 1200w, https:\/\/www.kalliolaw.com\/wp-content\/uploads\/2025\/10\/FT_8308_Regina-Z-scaled.jpg 1920w\" data-sizes=\"auto\" data-orig-sizes=\"(max-width: 1024px) 100vw, (max-width: 640px) 100vw, 600px\" \/><\/span><\/div><\/div><\/div><div class=\"fusion-layout-column fusion_builder_column fusion-builder-column-1 fusion_builder_column_3_5 3_5 fusion-flex-column fusion-flex-align-self-center\" style=\"--awb-bg-size:cover;--awb-width-large:60%;--awb-margin-top-large:0px;--awb-spacing-right-large:3.2%;--awb-margin-bottom-large:20px;--awb-spacing-left-large:3.2%;--awb-width-medium:50%;--awb-order-medium:0;--awb-spacing-right-medium:3.84%;--awb-spacing-left-medium:3.84%;--awb-width-small:100%;--awb-order-small:0;--awb-spacing-right-small:1.92%;--awb-spacing-left-small:1.92%;\" data-scroll-devices=\"small-visibility,medium-visibility,large-visibility\"><div class=\"fusion-column-wrapper fusion-column-has-shadow fusion-flex-justify-content-center fusion-content-layout-column\"><div class=\"fusion-title title fusion-title-1 fusion-sep-none fusion-title-text fusion-title-size-three\" style=\"--awb-text-color:var(--awb-color7);\"><h3 class=\"fusion-title-heading title-heading-left fusion-responsive-typography-calculated\" style=\"margin:0;--fontSize:22;line-height:1.5;\">REGINA KALLIOKOSKI<\/h3><\/div><div class=\"fusion-text fusion-text-1\" style=\"--awb-content-alignment:left;\"><p><span style=\"color: #ffffff;\">Assistentti<br \/>\nHelsinki<\/span><\/p>\n<\/div><ul style=\"--awb-iconcolor:#ff9900;--awb-textcolor:var(--awb-color1);--awb-line-height:23.8px;--awb-icon-width:23.8px;--awb-icon-height:23.8px;--awb-icon-margin:9.8px;--awb-content-margin:33.6px;\" class=\"fusion-checklist fusion-checklist-1 fusion-checklist-default type-icons\"><li class=\"fusion-li-item\" style=\"\"><span class=\"icon-wrapper circle-no\"><i class=\"fusion-li-icon fa-mobile-alt fas\" aria-hidden=\"true\"><\/i><\/span><div class=\"fusion-li-item-content\">\n<p><span style=\"color: #ffffff;\"><a style=\"color: #ffffff;\" href=\"tel:+358505918012\">050 591 8012<\/a><\/span><\/p>\n<\/div><\/li><li class=\"fusion-li-item\" style=\"\"><span class=\"icon-wrapper circle-no\"><i class=\"fusion-li-icon fa-phone fas\" aria-hidden=\"true\"><\/i><\/span><div class=\"fusion-li-item-content\">\n<p><span style=\"color: #ffffff;\"><a style=\"color: #ffffff;\" href=\"tel:+35896812930\">09 6812 930<\/a><\/span><\/p>\n<\/div><\/li><li class=\"fusion-li-item\" style=\"\"><span class=\"icon-wrapper circle-no\"><i class=\"fusion-li-icon fa-fax fas\" aria-hidden=\"true\"><\/i><\/span><div class=\"fusion-li-item-content\">\n<p>+358 9 6812 9320 (fax)<\/p>\n<\/div><\/li><li class=\"fusion-li-item\" style=\"\"><span class=\"icon-wrapper circle-no\"><i class=\"fusion-li-icon fa-at fas\" aria-hidden=\"true\"><\/i><\/span><div class=\"fusion-li-item-content\">\n<p><img decoding=\"async\" class=\"lazyload alignnone wp-image-4995\" src=\"https:\/\/www.kalliolaw.com\/wp-content\/uploads\/2022\/10\/regina.jpg\" data-orig-src=\"https:\/\/www.kalliolaw.com\/wp-content\/uploads\/2022\/10\/regina.jpg\" alt=\"\" width=\"227\" height=\"19\" srcset=\"data:image\/svg+xml,%3Csvg%20xmlns%3D%27http%3A%2F%2Fwww.w3.org%2F2000%2Fsvg%27%20width%3D%27227%27%20height%3D%2719%27%20viewBox%3D%270%200%20227%2019%27%3E%3Crect%20width%3D%27227%27%20height%3D%2719%27%20fill-opacity%3D%220%22%2F%3E%3C%2Fsvg%3E\" data-srcset=\"https:\/\/www.kalliolaw.com\/wp-content\/uploads\/2022\/10\/regina-200x17.jpg 200w, https:\/\/www.kalliolaw.com\/wp-content\/uploads\/2022\/10\/regina.jpg 275w\" data-sizes=\"auto\" data-orig-sizes=\"(max-width: 227px) 100vw, 227px\" \/><\/p>\n<\/div><\/li><\/ul><\/div><\/div><\/div><\/div><div class=\"fusion-fullwidth fullwidth-box fusion-builder-row-2 fusion-flex-container has-pattern-background has-mask-background nonhundred-percent-fullwidth non-hundred-percent-height-scrolling fusion-no-medium-visibility fusion-no-large-visibility\" style=\"--awb-border-radius-top-left:0px;--awb-border-radius-top-right:0px;--awb-border-radius-bottom-right:0px;--awb-border-radius-bottom-left:0px;--awb-margin-top:-30px;--awb-flex-wrap:wrap;\" ><div class=\"fusion-builder-row fusion-row fusion-flex-align-items-flex-start fusion-flex-content-wrap\" style=\"max-width:1144px;margin-left: calc(-4% \/ 2 );margin-right: calc(-4% \/ 2 );\"><div class=\"fusion-layout-column fusion_builder_column fusion-builder-column-2 fusion_builder_column_1_1 1_1 fusion-flex-column\" style=\"--awb-bg-size:cover;--awb-width-large:100%;--awb-margin-top-large:0px;--awb-spacing-right-large:1.92%;--awb-margin-bottom-large:20px;--awb-spacing-left-large:1.92%;--awb-width-medium:100%;--awb-order-medium:0;--awb-spacing-right-medium:1.92%;--awb-spacing-left-medium:1.92%;--awb-width-small:100%;--awb-order-small:0;--awb-spacing-right-small:1.92%;--awb-spacing-left-small:1.92%;\"><div class=\"fusion-column-wrapper fusion-column-has-shadow fusion-flex-justify-content-flex-start fusion-content-layout-column\"><div class=\"fusion-image-element \" style=\"text-align:center;--awb-max-width:350px;--awb-caption-title-font-family:var(--h2_typography-font-family);--awb-caption-title-font-weight:var(--h2_typography-font-weight);--awb-caption-title-font-style:var(--h2_typography-font-style);--awb-caption-title-size:var(--h2_typography-font-size);--awb-caption-title-transform:var(--h2_typography-text-transform);--awb-caption-title-line-height:var(--h2_typography-line-height);--awb-caption-title-letter-spacing:var(--h2_typography-letter-spacing);\"><span class=\" fusion-imageframe imageframe-none imageframe-2 hover-type-none\"><img decoding=\"async\" width=\"225\" height=\"300\" title=\"_FT_8308_WH_Regina-Z\" src=\"https:\/\/www.kalliolaw.com\/wp-content\/uploads\/2025\/10\/FT_8308_WH_Regina-Z-1-scaled.jpg\" data-orig-src=\"https:\/\/www.kalliolaw.com\/wp-content\/uploads\/2025\/10\/FT_8308_WH_Regina-Z-1-225x300.jpg\" alt class=\"lazyload img-responsive wp-image-8980\" srcset=\"data:image\/svg+xml,%3Csvg%20xmlns%3D%27http%3A%2F%2Fwww.w3.org%2F2000%2Fsvg%27%20width%3D%271920%27%20height%3D%272560%27%20viewBox%3D%270%200%201920%202560%27%3E%3Crect%20width%3D%271920%27%20height%3D%272560%27%20fill-opacity%3D%220%22%2F%3E%3C%2Fsvg%3E\" data-srcset=\"https:\/\/www.kalliolaw.com\/wp-content\/uploads\/2025\/10\/FT_8308_WH_Regina-Z-1-200x267.jpg 200w, https:\/\/www.kalliolaw.com\/wp-content\/uploads\/2025\/10\/FT_8308_WH_Regina-Z-1-400x533.jpg 400w, https:\/\/www.kalliolaw.com\/wp-content\/uploads\/2025\/10\/FT_8308_WH_Regina-Z-1-600x800.jpg 600w, https:\/\/www.kalliolaw.com\/wp-content\/uploads\/2025\/10\/FT_8308_WH_Regina-Z-1-800x1067.jpg 800w, https:\/\/www.kalliolaw.com\/wp-content\/uploads\/2025\/10\/FT_8308_WH_Regina-Z-1-1200x1600.jpg 1200w, https:\/\/www.kalliolaw.com\/wp-content\/uploads\/2025\/10\/FT_8308_WH_Regina-Z-1-scaled.jpg 1920w\" data-sizes=\"auto\" data-orig-sizes=\"(max-width: 1024px) 100vw, (max-width: 640px) 100vw, 1200px\" \/><\/span><\/div><\/div><\/div><\/div><\/div><div class=\"fusion-fullwidth fullwidth-box fusion-builder-row-3 fusion-flex-container has-pattern-background has-mask-background nonhundred-percent-fullwidth non-hundred-percent-height-scrolling fusion-no-medium-visibility fusion-no-large-visibility\" style=\"--awb-background-position:center bottom;--awb-border-radius-top-left:0px;--awb-border-radius-top-right:0px;--awb-border-radius-bottom-right:0px;--awb-border-radius-bottom-left:0px;--awb-margin-top:-30px;--awb-flex-wrap:wrap;\" ><div class=\"fusion-builder-row fusion-row fusion-flex-align-items-flex-end fusion-flex-justify-content-center fusion-flex-content-wrap\" style=\"max-width:1144px;margin-left: calc(-4% \/ 2 );margin-right: calc(-4% \/ 2 );\"><div class=\"fusion-layout-column fusion_builder_column fusion-builder-column-3 fusion_builder_column_3_5 3_5 fusion-flex-column fusion-flex-align-self-center\" style=\"--awb-padding-top:10%;--awb-padding-right:10%;--awb-padding-bottom:10%;--awb-padding-left:10%;--awb-bg-color:#8a8a8a;--awb-bg-color-hover:#8a8a8a;--awb-bg-size:cover;--awb-width-large:60%;--awb-margin-top-large:0px;--awb-spacing-right-large:3.2%;--awb-margin-bottom-large:0px;--awb-spacing-left-large:3.2%;--awb-width-medium:50%;--awb-order-medium:0;--awb-spacing-right-medium:3.84%;--awb-spacing-left-medium:3.84%;--awb-width-small:100%;--awb-order-small:0;--awb-spacing-right-small:1.92%;--awb-spacing-left-small:1.92%;\" data-scroll-devices=\"small-visibility,medium-visibility,large-visibility\"><div class=\"fusion-column-wrapper fusion-column-has-shadow fusion-flex-justify-content-center fusion-content-layout-column\"><div class=\"fusion-title title fusion-title-2 fusion-sep-none fusion-title-text fusion-title-size-three\" style=\"--awb-text-color:var(--awb-color7);\"><h3 class=\"fusion-title-heading title-heading-left fusion-responsive-typography-calculated\" style=\"margin:0;--fontSize:22;line-height:1.5;\">REGINA KALLIOKOSKI<\/h3><\/div><div class=\"fusion-text fusion-text-2\" style=\"--awb-content-alignment:left;\"><p><span style=\"color: #ffffff;\">Assistentti<br \/>\nHelsinki<\/span><\/p>\n<\/div><ul style=\"--awb-iconcolor:#ff9900;--awb-textcolor:var(--awb-color1);--awb-line-height:23.8px;--awb-icon-width:23.8px;--awb-icon-height:23.8px;--awb-icon-margin:9.8px;--awb-content-margin:33.6px;\" class=\"fusion-checklist fusion-checklist-2 fusion-checklist-default type-icons\"><li class=\"fusion-li-item\" style=\"\"><span class=\"icon-wrapper circle-no\"><i class=\"fusion-li-icon fa-mobile-alt fas\" aria-hidden=\"true\"><\/i><\/span><div class=\"fusion-li-item-content\">\n<p><span style=\"color: #ffffff;\"><a style=\"color: #ffffff;\" href=\"tel:+358505918012\">050 591 8012<\/a><\/span><\/p>\n<\/div><\/li><li class=\"fusion-li-item\" style=\"\"><span class=\"icon-wrapper circle-no\"><i class=\"fusion-li-icon fa-phone fas\" aria-hidden=\"true\"><\/i><\/span><div class=\"fusion-li-item-content\">\n<p><span style=\"color: #ffffff;\"><a style=\"color: #ffffff;\" href=\"tel:+35896812930\">09 6812 930<\/a><\/span><\/p>\n<\/div><\/li><li class=\"fusion-li-item\" style=\"\"><span class=\"icon-wrapper circle-no\"><i class=\"fusion-li-icon fa-fax fas\" aria-hidden=\"true\"><\/i><\/span><div class=\"fusion-li-item-content\">\n<p>+358 9 6812 9320 (fax)<\/p>\n<\/div><\/li><li class=\"fusion-li-item\" style=\"\"><span class=\"icon-wrapper circle-no\"><i class=\"fusion-li-icon fa-at fas\" aria-hidden=\"true\"><\/i><\/span><div class=\"fusion-li-item-content\">\n<p><img decoding=\"async\" class=\"lazyload alignnone wp-image-4995\" src=\"https:\/\/www.kalliolaw.com\/wp-content\/uploads\/2022\/10\/regina.jpg\" data-orig-src=\"https:\/\/www.kalliolaw.com\/wp-content\/uploads\/2022\/10\/regina.jpg\" alt=\"\" width=\"227\" height=\"19\" srcset=\"data:image\/svg+xml,%3Csvg%20xmlns%3D%27http%3A%2F%2Fwww.w3.org%2F2000%2Fsvg%27%20width%3D%27227%27%20height%3D%2719%27%20viewBox%3D%270%200%20227%2019%27%3E%3Crect%20width%3D%27227%27%20height%3D%2719%27%20fill-opacity%3D%220%22%2F%3E%3C%2Fsvg%3E\" data-srcset=\"https:\/\/www.kalliolaw.com\/wp-content\/uploads\/2022\/10\/regina-200x17.jpg 200w, https:\/\/www.kalliolaw.com\/wp-content\/uploads\/2022\/10\/regina.jpg 275w\" data-sizes=\"auto\" data-orig-sizes=\"(max-width: 227px) 100vw, 227px\" \/><\/p>\n<\/div><\/li><\/ul><\/div><\/div><\/div><\/div><div class=\"fusion-fullwidth fullwidth-box fusion-builder-row-4 fusion-flex-container has-pattern-background has-mask-background nonhundred-percent-fullwidth non-hundred-percent-height-scrolling\" style=\"--awb-border-radius-top-left:0px;--awb-border-radius-top-right:0px;--awb-border-radius-bottom-right:0px;--awb-border-radius-bottom-left:0px;--awb-padding-top:50px;--awb-margin-top:-20px;--awb-background-color:#ffffff;--awb-flex-wrap:wrap;\" ><div class=\"fusion-builder-row fusion-row fusion-flex-align-items-flex-start fusion-flex-content-wrap\" style=\"max-width:1144px;margin-left: calc(-4% \/ 2 );margin-right: calc(-4% \/ 2 );\"><div class=\"fusion-layout-column fusion_builder_column fusion-builder-column-4 fusion_builder_column_1_1 1_1 fusion-flex-column\" style=\"--awb-bg-size:cover;--awb-width-large:100%;--awb-margin-top-large:0px;--awb-spacing-right-large:1.92%;--awb-margin-bottom-large:20px;--awb-spacing-left-large:1.92%;--awb-width-medium:100%;--awb-order-medium:0;--awb-spacing-right-medium:1.92%;--awb-spacing-left-medium:1.92%;--awb-width-small:100%;--awb-order-small:0;--awb-spacing-right-small:1.92%;--awb-spacing-left-small:1.92%;\"><div class=\"fusion-column-wrapper fusion-column-has-shadow fusion-flex-justify-content-flex-start fusion-content-layout-column\"><div class=\"fusion-text fusion-text-3\" style=\"--awb-content-alignment:left;\"><p>Regina Kalliokoski on aloittanut Kalliolaw\u2019lla tammikuussa 2021. H\u00e4nell\u00e4 on laaja aiempi kokemus assistentin ty\u00f6teht\u00e4vist\u00e4. Reginalla on oikeustradenomin tutkinto Laurea-ammattikorkeakoulusta. Suoritetun tutkinnon lis\u00e4ksi h\u00e4n on opiskellut paralegaliksi Yhdysvalloissa Blackhawk Technical Collegessa.<\/p>\n<\/div><\/div><\/div><\/div><\/div><\/p>\n","protected":false},"excerpt":{"rendered":"","protected":false},"author":8,"featured_media":0,"parent":1243,"menu_order":0,"comment_status":"closed","ping_status":"closed","template":"100-width.php","meta":{"footnotes":""},"class_list":["post-2870","page","type-page","status-publish","hentry"],"_links":{"self":[{"href":"https:\/\/www.kalliolaw.com\/fi\/wp-json\/wp\/v2\/pages\/2870","targetHints":{"allow":["GET"]}}],"collection":[{"href":"https:\/\/www.kalliolaw.com\/fi\/wp-json\/wp\/v2\/pages"}],"about":[{"href":"https:\/\/www.kalliolaw.com\/fi\/wp-json\/wp\/v2\/types\/page"}],"author":[{"embeddable":true,"href":"https:\/\/www.kalliolaw.com\/fi\/wp-json\/wp\/v2\/users\/8"}],"replies":[{"embeddable":true,"href":"https:\/\/www.kalliolaw.com\/fi\/wp-json\/wp\/v2\/comments?post=2870"}],"version-history":[{"count":37,"href":"https:\/\/www.kalliolaw.com\/fi\/wp-json\/wp\/v2\/pages\/2870\/revisions"}],"predecessor-version":[{"id":9105,"href":"https:\/\/www.kalliolaw.com\/fi\/wp-json\/wp\/v2\/pages\/2870\/revisions\/9105"}],"up":[{"embeddable":true,"href":"https:\/\/www.kalliolaw.com\/fi\/wp-json\/wp\/v2\/pages\/1243"}],"wp:attachment":[{"href":"https:\/\/www.kalliolaw.com\/fi\/wp-json\/wp\/v2\/media?parent=2870"}],"curies":[{"name":"wp","href":"https:\/\/api.w.org\/{rel}","templated":true}]}}