{"id":6057,"date":"2024-10-03T15:55:03","date_gmt":"2024-10-03T12:55:03","guid":{"rendered":"https:\/\/www.kalliolaw.com\/lassi-kanerva\/"},"modified":"2026-02-20T14:15:53","modified_gmt":"2026-02-20T12:15:53","slug":"lassi-kanerva","status":"publish","type":"page","link":"https:\/\/www.kalliolaw.com\/fi\/lassi-kanerva\/","title":{"rendered":"Lassi Kanerva"},"content":{"rendered":"<p><div class=\"fusion-fullwidth fullwidth-box fusion-builder-row-1 fusion-flex-container has-pattern-background has-mask-background nonhundred-percent-fullwidth non-hundred-percent-height-scrolling fusion-no-small-visibility\" style=\"--awb-background-position:left top;--awb-border-radius-top-left:0px;--awb-border-radius-top-right:0px;--awb-border-radius-bottom-right:0px;--awb-border-radius-bottom-left:0px;--awb-padding-top:20px;--awb-margin-top:40px;--awb-background-color:#8a8a8a;--awb-flex-wrap:wrap;\" ><div class=\"fusion-builder-row fusion-row fusion-flex-align-items-flex-end fusion-flex-content-wrap\" style=\"max-width:1144px;margin-left: calc(-4% \/ 2 );margin-right: calc(-4% \/ 2 );\"><div class=\"fusion-layout-column fusion_builder_column fusion-builder-column-0 fusion_builder_column_2_5 2_5 fusion-flex-column fusion-flex-align-self-flex-end\" style=\"--awb-bg-size:cover;--awb-width-large:40%;--awb-margin-top-large:0px;--awb-spacing-right-large:4.8%;--awb-margin-bottom-large:20px;--awb-spacing-left-large:4.8%;--awb-width-medium:25%;--awb-order-medium:0;--awb-spacing-right-medium:15.36%;--awb-spacing-left-medium:0%;--awb-width-small:50%;--awb-order-small:0;--awb-spacing-right-small:11.52%;--awb-spacing-left-small:3.84%;\" data-scroll-devices=\"small-visibility,medium-visibility,large-visibility\"><div class=\"fusion-column-wrapper fusion-column-has-shadow fusion-flex-justify-content-center fusion-content-layout-row\"><div class=\"fusion-image-element \" style=\"--awb-max-width:350px;--awb-caption-title-font-family:var(--h2_typography-font-family);--awb-caption-title-font-weight:var(--h2_typography-font-weight);--awb-caption-title-font-style:var(--h2_typography-font-style);--awb-caption-title-size:var(--h2_typography-font-size);--awb-caption-title-transform:var(--h2_typography-text-transform);--awb-caption-title-line-height:var(--h2_typography-line-height);--awb-caption-title-letter-spacing:var(--h2_typography-letter-spacing);\"><span class=\" fusion-imageframe imageframe-none imageframe-1 hover-type-none\"><img decoding=\"async\" width=\"225\" height=\"300\" title=\"_FT_8641_Lasse-Z\" src=\"https:\/\/www.kalliolaw.com\/wp-content\/uploads\/2025\/10\/FT_8641_Lasse-Z-scaled.jpg\" data-orig-src=\"https:\/\/www.kalliolaw.com\/wp-content\/uploads\/2025\/10\/FT_8641_Lasse-Z-225x300.jpg\" alt class=\"lazyload img-responsive wp-image-8914\" srcset=\"data:image\/svg+xml,%3Csvg%20xmlns%3D%27http%3A%2F%2Fwww.w3.org%2F2000%2Fsvg%27%20width%3D%271920%27%20height%3D%272560%27%20viewBox%3D%270%200%201920%202560%27%3E%3Crect%20width%3D%271920%27%20height%3D%272560%27%20fill-opacity%3D%220%22%2F%3E%3C%2Fsvg%3E\" data-srcset=\"https:\/\/www.kalliolaw.com\/wp-content\/uploads\/2025\/10\/FT_8641_Lasse-Z-200x267.jpg 200w, https:\/\/www.kalliolaw.com\/wp-content\/uploads\/2025\/10\/FT_8641_Lasse-Z-400x533.jpg 400w, https:\/\/www.kalliolaw.com\/wp-content\/uploads\/2025\/10\/FT_8641_Lasse-Z-600x800.jpg 600w, https:\/\/www.kalliolaw.com\/wp-content\/uploads\/2025\/10\/FT_8641_Lasse-Z-800x1067.jpg 800w, https:\/\/www.kalliolaw.com\/wp-content\/uploads\/2025\/10\/FT_8641_Lasse-Z-1200x1600.jpg 1200w, https:\/\/www.kalliolaw.com\/wp-content\/uploads\/2025\/10\/FT_8641_Lasse-Z-scaled.jpg 1920w\" data-sizes=\"auto\" data-orig-sizes=\"(max-width: 1024px) 100vw, (max-width: 640px) 100vw, 600px\" \/><\/span><\/div><\/div><\/div><div class=\"fusion-layout-column fusion_builder_column fusion-builder-column-1 fusion_builder_column_3_5 3_5 fusion-flex-column fusion-flex-align-self-center\" style=\"--awb-bg-size:cover;--awb-width-large:60%;--awb-margin-top-large:0px;--awb-spacing-right-large:3.2%;--awb-margin-bottom-large:20px;--awb-spacing-left-large:3.2%;--awb-width-medium:50%;--awb-order-medium:0;--awb-spacing-right-medium:3.84%;--awb-spacing-left-medium:3.84%;--awb-width-small:100%;--awb-order-small:0;--awb-spacing-right-small:1.92%;--awb-spacing-left-small:1.92%;\" data-scroll-devices=\"small-visibility,medium-visibility,large-visibility\"><div class=\"fusion-column-wrapper fusion-column-has-shadow fusion-flex-justify-content-center fusion-content-layout-column\"><div class=\"fusion-title title fusion-title-1 fusion-sep-none fusion-title-text fusion-title-size-three\" style=\"--awb-text-color:var(--awb-color7);\"><h3 class=\"fusion-title-heading title-heading-left fusion-responsive-typography-calculated\" style=\"margin:0;--fontSize:22;line-height:1.5;\">LASSI KANERVA<\/h3><\/div><div class=\"fusion-text fusion-text-1\" style=\"--awb-content-alignment:left;\"><p><span style=\"color: #ffffff;\">Senior Associate, luvan saanut oikeudenk\u00e4yntiavustaja<\/span><br \/>\n<span style=\"color: #ffffff;\">Turku<\/span><\/p>\n<\/div><ul style=\"--awb-iconcolor:#ff9900;--awb-textcolor:var(--awb-color1);--awb-line-height:23.8px;--awb-icon-width:23.8px;--awb-icon-height:23.8px;--awb-icon-margin:9.8px;--awb-content-margin:33.6px;\" class=\"fusion-checklist fusion-checklist-1 fusion-checklist-default type-icons\"><li class=\"fusion-li-item\" style=\"\"><span class=\"icon-wrapper circle-no\"><i class=\"fusion-li-icon fa-mobile-alt fas\" aria-hidden=\"true\"><\/i><\/span><div class=\"fusion-li-item-content\">\n<p><span style=\"color: #ffffff;\"><a style=\"color: #ffffff;\" href=\"tel:+358 50 5911 100\" target=\"_blank\" rel=\"noopener\">050 5911 100<\/a><\/span><\/p>\n<\/div><\/li><li class=\"fusion-li-item\" style=\"\"><span class=\"icon-wrapper circle-no\"><i class=\"fusion-li-icon fa-phone fas\" aria-hidden=\"true\"><\/i><\/span><div class=\"fusion-li-item-content\">\n<p><span style=\"color: #ffffff;\"><a style=\"color: #ffffff;\" href=\"tel: +35896812930\">+09 6812 930<\/a><\/span><\/p>\n<\/div><\/li><li class=\"fusion-li-item\" style=\"\"><span class=\"icon-wrapper circle-no\"><i class=\"fusion-li-icon fa-fax fas\" aria-hidden=\"true\"><\/i><\/span><div class=\"fusion-li-item-content\">\n<p><span style=\"color: #ffffff;\">09 6812 9320 (fax)<\/span><\/p>\n<\/div><\/li><li class=\"fusion-li-item\" style=\"\"><span class=\"icon-wrapper circle-no\"><i class=\"fusion-li-icon fa-at fas\" aria-hidden=\"true\"><\/i><\/span><div class=\"fusion-li-item-content\">\n<p><img decoding=\"async\" class=\"lazyload alignnone wp-image-6061\" src=\"https:\/\/www.kalliolaw.com\/wp-content\/uploads\/2024\/10\/lassi.png\" data-orig-src=\"https:\/\/www.kalliolaw.com\/wp-content\/uploads\/2024\/10\/lassi.png\" alt=\"\" width=\"185\" height=\"23\" srcset=\"data:image\/svg+xml,%3Csvg%20xmlns%3D%27http%3A%2F%2Fwww.w3.org%2F2000%2Fsvg%27%20width%3D%27185%27%20height%3D%2723%27%20viewBox%3D%270%200%20185%2023%27%3E%3Crect%20width%3D%27185%27%20height%3D%2723%27%20fill-opacity%3D%220%22%2F%3E%3C%2Fsvg%3E\" data-srcset=\"https:\/\/www.kalliolaw.com\/wp-content\/uploads\/2024\/10\/lassi-150x20.png 150w, https:\/\/www.kalliolaw.com\/wp-content\/uploads\/2024\/10\/lassi.png 161w\" data-sizes=\"auto\" data-orig-sizes=\"(max-width: 185px) 100vw, 185px\" \/><\/p>\n<\/div><\/li><\/ul><\/div><\/div><\/div><\/div><div class=\"fusion-fullwidth fullwidth-box fusion-builder-row-2 fusion-flex-container has-pattern-background has-mask-background nonhundred-percent-fullwidth non-hundred-percent-height-scrolling fusion-no-medium-visibility fusion-no-large-visibility\" style=\"--awb-border-radius-top-left:0px;--awb-border-radius-top-right:0px;--awb-border-radius-bottom-right:0px;--awb-border-radius-bottom-left:0px;--awb-margin-top:-30px;--awb-flex-wrap:wrap;\" ><div class=\"fusion-builder-row fusion-row fusion-flex-align-items-flex-start fusion-flex-content-wrap\" style=\"max-width:1144px;margin-left: calc(-4% \/ 2 );margin-right: calc(-4% \/ 2 );\"><div class=\"fusion-layout-column fusion_builder_column fusion-builder-column-2 fusion_builder_column_1_1 1_1 fusion-flex-column\" style=\"--awb-bg-size:cover;--awb-width-large:100%;--awb-margin-top-large:0px;--awb-spacing-right-large:1.92%;--awb-margin-bottom-large:20px;--awb-spacing-left-large:1.92%;--awb-width-medium:100%;--awb-order-medium:0;--awb-spacing-right-medium:1.92%;--awb-spacing-left-medium:1.92%;--awb-width-small:100%;--awb-order-small:0;--awb-spacing-right-small:1.92%;--awb-spacing-left-small:1.92%;\"><div class=\"fusion-column-wrapper fusion-column-has-shadow fusion-flex-justify-content-flex-start fusion-content-layout-column\"><div class=\"fusion-image-element \" style=\"text-align:center;--awb-max-width:350px;--awb-caption-title-font-family:var(--h2_typography-font-family);--awb-caption-title-font-weight:var(--h2_typography-font-weight);--awb-caption-title-font-style:var(--h2_typography-font-style);--awb-caption-title-size:var(--h2_typography-font-size);--awb-caption-title-transform:var(--h2_typography-text-transform);--awb-caption-title-line-height:var(--h2_typography-line-height);--awb-caption-title-letter-spacing:var(--h2_typography-letter-spacing);\"><span class=\" fusion-imageframe imageframe-none imageframe-2 hover-type-none\"><img decoding=\"async\" width=\"225\" height=\"300\" title=\"_FT_8641_WH_Lasse-Z\" src=\"https:\/\/www.kalliolaw.com\/wp-content\/uploads\/2025\/10\/FT_8641_WH_Lasse-Z-1-scaled.jpg\" data-orig-src=\"https:\/\/www.kalliolaw.com\/wp-content\/uploads\/2025\/10\/FT_8641_WH_Lasse-Z-1-225x300.jpg\" alt class=\"lazyload img-responsive wp-image-8990\" srcset=\"data:image\/svg+xml,%3Csvg%20xmlns%3D%27http%3A%2F%2Fwww.w3.org%2F2000%2Fsvg%27%20width%3D%271920%27%20height%3D%272560%27%20viewBox%3D%270%200%201920%202560%27%3E%3Crect%20width%3D%271920%27%20height%3D%272560%27%20fill-opacity%3D%220%22%2F%3E%3C%2Fsvg%3E\" data-srcset=\"https:\/\/www.kalliolaw.com\/wp-content\/uploads\/2025\/10\/FT_8641_WH_Lasse-Z-1-200x267.jpg 200w, https:\/\/www.kalliolaw.com\/wp-content\/uploads\/2025\/10\/FT_8641_WH_Lasse-Z-1-400x533.jpg 400w, https:\/\/www.kalliolaw.com\/wp-content\/uploads\/2025\/10\/FT_8641_WH_Lasse-Z-1-600x800.jpg 600w, https:\/\/www.kalliolaw.com\/wp-content\/uploads\/2025\/10\/FT_8641_WH_Lasse-Z-1-800x1067.jpg 800w, https:\/\/www.kalliolaw.com\/wp-content\/uploads\/2025\/10\/FT_8641_WH_Lasse-Z-1-1200x1600.jpg 1200w, https:\/\/www.kalliolaw.com\/wp-content\/uploads\/2025\/10\/FT_8641_WH_Lasse-Z-1-scaled.jpg 1920w\" data-sizes=\"auto\" data-orig-sizes=\"(max-width: 1024px) 100vw, (max-width: 640px) 100vw, 1200px\" \/><\/span><\/div><\/div><\/div><\/div><\/div><div class=\"fusion-fullwidth fullwidth-box fusion-builder-row-3 fusion-flex-container has-pattern-background has-mask-background nonhundred-percent-fullwidth non-hundred-percent-height-scrolling fusion-no-medium-visibility fusion-no-large-visibility\" style=\"--awb-background-position:center bottom;--awb-border-radius-top-left:0px;--awb-border-radius-top-right:0px;--awb-border-radius-bottom-right:0px;--awb-border-radius-bottom-left:0px;--awb-margin-top:-30px;--awb-flex-wrap:wrap;\" ><div class=\"fusion-builder-row fusion-row fusion-flex-align-items-flex-end fusion-flex-justify-content-center fusion-flex-content-wrap\" style=\"max-width:1144px;margin-left: calc(-4% \/ 2 );margin-right: calc(-4% \/ 2 );\"><div class=\"fusion-layout-column fusion_builder_column fusion-builder-column-3 fusion_builder_column_3_5 3_5 fusion-flex-column fusion-flex-align-self-center\" style=\"--awb-padding-top:10%;--awb-padding-right:10%;--awb-padding-bottom:10%;--awb-padding-left:10%;--awb-bg-color:#8a8a8a;--awb-bg-color-hover:#8a8a8a;--awb-bg-size:cover;--awb-width-large:60%;--awb-margin-top-large:0px;--awb-spacing-right-large:3.2%;--awb-margin-bottom-large:0px;--awb-spacing-left-large:3.2%;--awb-width-medium:50%;--awb-order-medium:0;--awb-spacing-right-medium:3.84%;--awb-spacing-left-medium:3.84%;--awb-width-small:100%;--awb-order-small:0;--awb-spacing-right-small:1.92%;--awb-spacing-left-small:1.92%;\" data-scroll-devices=\"small-visibility,medium-visibility,large-visibility\"><div class=\"fusion-column-wrapper fusion-column-has-shadow fusion-flex-justify-content-center fusion-content-layout-column\"><div class=\"fusion-title title fusion-title-2 fusion-sep-none fusion-title-text fusion-title-size-three\" style=\"--awb-text-color:var(--awb-color7);\"><h3 class=\"fusion-title-heading title-heading-left fusion-responsive-typography-calculated\" style=\"margin:0;--fontSize:22;line-height:1.5;\">LASSI KANERVA<\/h3><\/div><div class=\"fusion-text fusion-text-2\" style=\"--awb-content-alignment:left;\"><p><span style=\"color: #ffffff;\">Senior Associate, luvan saanut oikeudenk\u00e4yntiavustaja<\/span><br \/>\n<span style=\"color: #ffffff;\">Turku<\/span><\/p>\n<\/div><ul style=\"--awb-iconcolor:#ff9900;--awb-textcolor:var(--awb-color1);--awb-line-height:23.8px;--awb-icon-width:23.8px;--awb-icon-height:23.8px;--awb-icon-margin:9.8px;--awb-content-margin:33.6px;\" class=\"fusion-checklist fusion-checklist-2 fusion-checklist-default type-icons\"><li class=\"fusion-li-item\" style=\"\"><span class=\"icon-wrapper circle-no\"><i class=\"fusion-li-icon fa-mobile-alt fas\" aria-hidden=\"true\"><\/i><\/span><div class=\"fusion-li-item-content\">\n<p><span style=\"color: #ffffff;\"><a style=\"color: #ffffff;\" href=\"tel:+358 50 5911 100\" target=\"_blank\" rel=\"noopener\">050 5911 100<\/a><\/span><\/p>\n<\/div><\/li><li class=\"fusion-li-item\" style=\"\"><span class=\"icon-wrapper circle-no\"><i class=\"fusion-li-icon fa-phone fas\" aria-hidden=\"true\"><\/i><\/span><div class=\"fusion-li-item-content\">\n<p><span style=\"color: #ffffff;\"><a style=\"color: #ffffff;\" href=\"tel: +35896812930\">+09 6812 930<\/a><\/span><\/p>\n<\/div><\/li><li class=\"fusion-li-item\" style=\"\"><span class=\"icon-wrapper circle-no\"><i class=\"fusion-li-icon fa-fax fas\" aria-hidden=\"true\"><\/i><\/span><div class=\"fusion-li-item-content\">\n<p><span style=\"color: #ffffff;\">09 6812 9320 (fax)<\/span><\/p>\n<\/div><\/li><li class=\"fusion-li-item\" style=\"\"><span class=\"icon-wrapper circle-no\"><i class=\"fusion-li-icon fa-at fas\" aria-hidden=\"true\"><\/i><\/span><div class=\"fusion-li-item-content\">\n<p><img decoding=\"async\" class=\"lazyload alignnone wp-image-6061\" src=\"https:\/\/www.kalliolaw.com\/wp-content\/uploads\/2024\/10\/lassi.png\" data-orig-src=\"https:\/\/www.kalliolaw.com\/wp-content\/uploads\/2024\/10\/lassi.png\" alt=\"\" width=\"185\" height=\"23\" srcset=\"data:image\/svg+xml,%3Csvg%20xmlns%3D%27http%3A%2F%2Fwww.w3.org%2F2000%2Fsvg%27%20width%3D%27185%27%20height%3D%2723%27%20viewBox%3D%270%200%20185%2023%27%3E%3Crect%20width%3D%27185%27%20height%3D%2723%27%20fill-opacity%3D%220%22%2F%3E%3C%2Fsvg%3E\" data-srcset=\"https:\/\/www.kalliolaw.com\/wp-content\/uploads\/2024\/10\/lassi-150x20.png 150w, https:\/\/www.kalliolaw.com\/wp-content\/uploads\/2024\/10\/lassi.png 161w\" data-sizes=\"auto\" data-orig-sizes=\"(max-width: 185px) 100vw, 185px\" \/><\/p>\n<\/div><\/li><\/ul><\/div><\/div><\/div><\/div><div class=\"fusion-fullwidth fullwidth-box fusion-builder-row-4 fusion-flex-container has-pattern-background has-mask-background nonhundred-percent-fullwidth non-hundred-percent-height-scrolling\" style=\"--awb-border-radius-top-left:0px;--awb-border-radius-top-right:0px;--awb-border-radius-bottom-right:0px;--awb-border-radius-bottom-left:0px;--awb-padding-top:50px;--awb-margin-top:-20px;--awb-background-color:#ffffff;--awb-flex-wrap:wrap;\" ><div class=\"fusion-builder-row fusion-row fusion-flex-align-items-flex-start fusion-flex-content-wrap\" style=\"max-width:1144px;margin-left: calc(-4% \/ 2 );margin-right: calc(-4% \/ 2 );\"><div class=\"fusion-layout-column fusion_builder_column fusion-builder-column-4 fusion_builder_column_1_1 1_1 fusion-flex-column\" style=\"--awb-bg-size:cover;--awb-width-large:100%;--awb-margin-top-large:0px;--awb-spacing-right-large:1.92%;--awb-margin-bottom-large:20px;--awb-spacing-left-large:1.92%;--awb-width-medium:100%;--awb-order-medium:0;--awb-spacing-right-medium:1.92%;--awb-spacing-left-medium:1.92%;--awb-width-small:100%;--awb-order-small:0;--awb-spacing-right-small:1.92%;--awb-spacing-left-small:1.92%;\"><div class=\"fusion-column-wrapper fusion-column-has-shadow fusion-flex-justify-content-flex-start fusion-content-layout-column\"><div class=\"fusion-text fusion-text-3\"><h5 class=\"fusion-responsive-typography-calculated\" data-fontsize=\"24\" data-lineheight=\"24px\"><span style=\"color: #ef7d00;\">Oikeudenalat<\/span><\/h5>\n<p>\u25c6 <a href=\"https:\/\/www.kalliolaw.com\/fi\/palvelumme\/kaupalliset-sopimukset\/\">Kaupalliset sopimukset<\/a><br \/>\n\u25c6 <a href=\"https:\/\/www.kalliolaw.com\/fi\/palvelumme\/yksityisyyden-suoja-ja-henkilotiedot\/\">Teko\u00e4ly, data ja tietosuoja<\/a><br \/>\n\u25c6 <a href=\"https:\/\/www.kalliolaw.com\/fi\/palvelumme\/immateriaalioikeudet\/\">Immateriaalioikeudet<\/a><br \/>\n\u25c6 <a href=\"https:\/\/www.kalliolaw.com\/fi\/palvelumme\/riitojen-ratkaisu\/\">Riitojen ratkaisu<\/a><\/p>\n<\/div><div class=\"fusion-separator fusion-full-width-sep\" style=\"align-self: center;margin-left: auto;margin-right: auto;margin-top:20px;width:100%;\"><div class=\"fusion-separator-border sep-single\" style=\"--awb-height:20px;--awb-amount:20px;border-color:#f5efe8;border-top-width:0px;\"><\/div><\/div><div class=\"fusion-text fusion-text-4\" style=\"--awb-content-alignment:left;\"><p>Lassi on erikoistunut teknologiaan liittyviin oikeudellisiin kysymyksiin. H\u00e4n avustaa kotimaisia ja kansainv\u00e4lisi\u00e4 yrityksi\u00e4 laajasti kaupallisiin sopimuksiin ja riitoihin liittyviss\u00e4 asioissa sek\u00e4 immateriaalioikeuteen, tietosuojaan, teko\u00e4lyyn ja kyberturvallisuuteen liittyviss\u00e4 kysymyksiss\u00e4. Lassilla on kokemusta erityisesti ICT-, terveysteknologia- sek\u00e4 valmistusteollisuuden alalla toimivien yritysten kanssa ty\u00f6skentelyst\u00e4.<\/p>\n<p>Lassi on taitava neuvottelija. H\u00e4n on juristinuransa alusta l\u00e4htien ollut suoraan mukana erilaisissa sopimus- ja riitaneuvotteluissa. Lassilla on kokemusta erityisesti kansainv\u00e4liseen kauppaan, lisensointiin, jakeluun ja tuotekehitykseen liittyvist\u00e4 sopimuksista ja sopimusriidoista.<\/p>\n<p>Ennen liittymist\u00e4\u00e4n Kalliolaw\u2019n tiimiin Lassi toimi yritysjuristina kansainv\u00e4lisesti toimivissa teknologia- ja teollisuusyrityksiss\u00e4. Toimiessaan yrityksen omana lakimiehen\u00e4 Lassi kerrytti arvokasta toimialatuntemusta ja k\u00e4yt\u00e4nn\u00f6n kokemusta. H\u00e4nen l\u00e4hestymistapansa on pragmaattinen ja liiketoimintal\u00e4ht\u00f6inen. Lassin asiakkaat voivat luottaa siihen, ett\u00e4 he saavat ymm\u00e4rrett\u00e4vi\u00e4 juridisia ratkaisuja, jotka tukevat heid\u00e4n strategisia tavoitteitaan.<\/p>\n<\/div><div class=\"fusion-text fusion-text-5\"><h5 class=\"fusion-responsive-typography-calculated\" data-fontsize=\"24\" data-lineheight=\"24px\"><span style=\"color: #ef7d00;\">Koulutus ja j\u00e4senyydet<\/span><\/h5>\n<p>\u25c6 Turun yliopisto, OTM<br \/>\n\u25c6 IT-oikeuden Yhdistys<br \/>\n\u25c6 Nuorten v\u00e4litysmenettelykerho<\/p>\n<\/div><\/div><\/div><\/div><\/div><div class=\"fusion-fullwidth fullwidth-box fusion-builder-row-5 fusion-flex-container has-pattern-background has-mask-background nonhundred-percent-fullwidth non-hundred-percent-height-scrolling\" style=\"--awb-border-radius-top-left:0px;--awb-border-radius-top-right:0px;--awb-border-radius-bottom-right:0px;--awb-border-radius-bottom-left:0px;--awb-margin-bottom:50px;--awb-flex-wrap:wrap;\" ><div class=\"fusion-builder-row fusion-row fusion-flex-align-items-flex-start fusion-flex-content-wrap\" style=\"max-width:1144px;margin-left: calc(-4% \/ 2 );margin-right: calc(-4% \/ 2 );\"><div class=\"fusion-layout-column fusion_builder_column fusion-builder-column-5 fusion_builder_column_1_3 1_3 fusion-flex-column\" style=\"--awb-bg-size:cover;--awb-width-large:33.3333333333%;--awb-margin-top-large:0px;--awb-spacing-right-large:5.76%;--awb-margin-bottom-large:20px;--awb-spacing-left-large:5.76%;--awb-width-medium:100%;--awb-order-medium:0;--awb-spacing-right-medium:1.92%;--awb-spacing-left-medium:1.92%;--awb-width-small:100%;--awb-order-small:0;--awb-spacing-right-small:1.92%;--awb-spacing-left-small:1.92%;\" data-scroll-devices=\"small-visibility,medium-visibility,large-visibility\"><div class=\"fusion-column-wrapper fusion-column-has-shadow fusion-flex-justify-content-flex-start fusion-content-layout-column\"><div class=\"fusion-title title fusion-title-3 fusion-sep-none fusion-title-text fusion-title-size-five\" style=\"--awb-text-color:var(--awb-color7);\"><h5 class=\"fusion-title-heading title-heading-left fusion-responsive-typography-calculated\" style=\"margin:0;--fontSize:16;line-height:1.5;\"><span style=\"color: #ef7d00;\">Referenssit<\/span><\/h5><\/div><div class=\"fusion-post-cards fusion-post-cards-1 awb-carousel awb-swiper awb-swiper-carousel awb-swiper-dots-position-bottom\" style=\"--awb-arrow-box-width:40px;--awb-arrow-box-height:40px;--awb-dots-align:center;--awb-columns:3;--awb-active-filter-border-size:3px;--awb-filters-height:36px;\" data-autoplay=\"no\" data-loop=\"yes\" data-columns=\"3\" data-columnsmedium=\"0\" data-columnssmall=\"0\" data-itemmargin=\"40\" data-itemwidth=\"180\" data-touchscroll=\"yes\" data-imagesize=\"auto\" data-scrollitems=\"0\" data-mousepointer=\"default\" data-layout=\"carousel\"><div class=\"swiper-wrapper fusion-flex-align-items-flex-start\"><div class=\"fusion_builder_column fusion-builder-column-6 fusion-flex-column post-card swiper-slide\" style=\"--awb-bg-blend:overlay;--awb-bg-size:cover;\"><div class=\"fusion-column-wrapper fusion-flex-justify-content-flex-start fusion-content-layout-column fusion-carousel-item-wrapper\"><div class=\"fusion-classic-product-image-wrapper fusion-woo-product-image fusion-post-card-image fusion-post-card-image-1\" data-layout=\"static\" style=\"--awb-border-radius-top-left:0px;--awb-border-radius-top-right:0px;--awb-border-radius-bottom-right:0px;--awb-border-radius-bottom-left:0px;\"><div  class=\"fusion-image-wrapper\" aria-haspopup=\"true\">\n\t\t\t\t\t\t\t<a href=\"https:\/\/www.kalliolaw.com\/fi\/news\/kalliolaw-avusti-muurame-oyn-emoyhtiota-arkkitehtitoimisto-stenros-oyta-yritysjarjestelyssa\/\" aria-label=\"Kalliolaw avusti Muurame Oy:n emoyhti\u00f6t\u00e4 Arkkitehtitoimisto Stenros Oy:t\u00e4 yritysj\u00e4rjestelyss\u00e4\">\n\t\t\t\t\t\t\t<img decoding=\"async\" width=\"842\" height=\"474\" src=\"https:\/\/www.kalliolaw.com\/wp-content\/uploads\/2025\/03\/muurame-0404-842x620-1.jpg\" class=\"attachment-full size-full lazyload wp-post-image\" alt=\"\" srcset=\"data:image\/svg+xml,%3Csvg%20xmlns%3D%27http%3A%2F%2Fwww.w3.org%2F2000%2Fsvg%27%20width%3D%27842%27%20height%3D%27474%27%20viewBox%3D%270%200%20842%20474%27%3E%3Crect%20width%3D%27842%27%20height%3D%27474%27%20fill-opacity%3D%220%22%2F%3E%3C%2Fsvg%3E\" data-orig-src=\"https:\/\/www.kalliolaw.com\/wp-content\/uploads\/2025\/03\/muurame-0404-842x620-1.jpg\" data-srcset=\"https:\/\/www.kalliolaw.com\/wp-content\/uploads\/2025\/03\/muurame-0404-842x620-1-200x113.jpg 200w, https:\/\/www.kalliolaw.com\/wp-content\/uploads\/2025\/03\/muurame-0404-842x620-1-400x225.jpg 400w, https:\/\/www.kalliolaw.com\/wp-content\/uploads\/2025\/03\/muurame-0404-842x620-1-600x338.jpg 600w, https:\/\/www.kalliolaw.com\/wp-content\/uploads\/2025\/03\/muurame-0404-842x620-1-800x450.jpg 800w, https:\/\/www.kalliolaw.com\/wp-content\/uploads\/2025\/03\/muurame-0404-842x620-1.jpg 842w\" data-sizes=\"auto\" \/>\t\t\t<\/a>\n\t\t\t\t\t\t\t<\/div>\n<\/div><div class=\"fusion-meta-tb fusion-meta-tb-1 floated\" style=\"--awb-height:36px;--awb-text-color:#ef7d00;--awb-border-color:rgba(245,239,232,0);--awb-item-border-color:rgba(245,239,232,0);--awb-alignment-medium:flex-start;--awb-alignment-small:flex-start;\"><span class=\"fusion-tb-published-date\">25.03.2025<\/span><span class=\"fusion-meta-tb-sep\">\u2013<\/span><\/div><div class=\"fusion-title title fusion-title-4 fusion-sep-none fusion-title-text fusion-title-size-four\" style=\"--awb-text-color:var(--awb-color8);--awb-margin-bottom:10px;--awb-margin-top-small:20px;--awb-margin-bottom-small:6px;--awb-link-hover-color:var(--awb-color5);\"><h4 class=\"fusion-title-heading title-heading-left fusion-responsive-typography-calculated\" style=\"margin:0;--fontSize:14;--minFontSize:14;line-height:1.5;\"><a href=\"https:\/\/www.kalliolaw.com\/fi\/news\/kalliolaw-avusti-muurame-oyn-emoyhtiota-arkkitehtitoimisto-stenros-oyta-yritysjarjestelyssa\/\" class=\"awb-custom-text-color awb-custom-text-hover-color\" target=\"_self\">Kalliolaw avusti Muurame Oy:n emoyhti\u00f6t\u00e4 Arkkitehtitoimisto Stenros Oy:t\u00e4 yritysj\u00e4rjestelyss\u00e4<\/a><\/h4><\/div><\/div><\/div>\n<\/div><div class=\"awb-swiper-button awb-swiper-button-prev\"><i class=\"awb-icon-angle-left\" aria-hidden=\"true\"><\/i><\/div><div class=\"awb-swiper-button awb-swiper-button-next\"><i class=\"awb-icon-angle-right\" aria-hidden=\"true\"><\/i><\/div><\/div><\/div><\/div><\/div><\/div><\/p>\n","protected":false},"excerpt":{"rendered":"","protected":false},"author":8,"featured_media":0,"parent":0,"menu_order":0,"comment_status":"closed","ping_status":"closed","template":"100-width.php","meta":{"footnotes":""},"class_list":["post-6057","page","type-page","status-publish","hentry"],"_links":{"self":[{"href":"https:\/\/www.kalliolaw.com\/fi\/wp-json\/wp\/v2\/pages\/6057","targetHints":{"allow":["GET"]}}],"collection":[{"href":"https:\/\/www.kalliolaw.com\/fi\/wp-json\/wp\/v2\/pages"}],"about":[{"href":"https:\/\/www.kalliolaw.com\/fi\/wp-json\/wp\/v2\/types\/page"}],"author":[{"embeddable":true,"href":"https:\/\/www.kalliolaw.com\/fi\/wp-json\/wp\/v2\/users\/8"}],"replies":[{"embeddable":true,"href":"https:\/\/www.kalliolaw.com\/fi\/wp-json\/wp\/v2\/comments?post=6057"}],"version-history":[{"count":66,"href":"https:\/\/www.kalliolaw.com\/fi\/wp-json\/wp\/v2\/pages\/6057\/revisions"}],"predecessor-version":[{"id":9475,"href":"https:\/\/www.kalliolaw.com\/fi\/wp-json\/wp\/v2\/pages\/6057\/revisions\/9475"}],"wp:attachment":[{"href":"https:\/\/www.kalliolaw.com\/fi\/wp-json\/wp\/v2\/media?parent=6057"}],"curies":[{"name":"wp","href":"https:\/\/api.w.org\/{rel}","templated":true}]}}