{"id":6552,"date":"2024-11-25T11:39:44","date_gmt":"2024-11-25T09:39:44","guid":{"rendered":"https:\/\/www.kalliolaw.com\/ura\/"},"modified":"2025-04-15T14:59:01","modified_gmt":"2025-04-15T11:59:01","slug":"ura","status":"publish","type":"page","link":"https:\/\/www.kalliolaw.com\/fi\/ura\/","title":{"rendered":"Ura"},"content":{"rendered":"<p><div class=\"fusion-fullwidth fullwidth-box fusion-builder-row-1 fusion-flex-container has-pattern-background has-mask-background nonhundred-percent-fullwidth non-hundred-percent-height-scrolling fusion-no-small-visibility fusion-no-medium-visibility\" style=\"--awb-border-radius-top-left:0px;--awb-border-radius-top-right:0px;--awb-border-radius-bottom-right:0px;--awb-border-radius-bottom-left:0px;--awb-padding-top:50px;--awb-padding-bottom:50px;--awb-margin-top:80px;--awb-background-color:#ffffff;--awb-flex-wrap:wrap;\" ><div class=\"fusion-builder-row fusion-row fusion-flex-align-items-center fusion-flex-content-wrap\" style=\"max-width:1144px;margin-left: calc(-4% \/ 2 );margin-right: calc(-4% \/ 2 );\"><div class=\"fusion-layout-column fusion_builder_column fusion-builder-column-0 fusion_builder_column_1_2 1_2 fusion-flex-column\" style=\"--awb-bg-size:cover;--awb-width-large:50%;--awb-margin-top-large:0px;--awb-spacing-right-large:3.84%;--awb-margin-bottom-large:20px;--awb-spacing-left-large:3.84%;--awb-width-medium:100%;--awb-order-medium:0;--awb-spacing-right-medium:1.92%;--awb-spacing-left-medium:1.92%;--awb-width-small:100%;--awb-order-small:0;--awb-spacing-right-small:1.92%;--awb-spacing-left-small:1.92%;\"><div class=\"fusion-column-wrapper fusion-column-has-shadow fusion-flex-justify-content-flex-start fusion-content-layout-column\"><div class=\"fusion-title title fusion-title-1 fusion-sep-none fusion-title-text fusion-title-size-three\" style=\"--awb-text-color:#ef7d00;\"><h3 class=\"fusion-title-heading title-heading-left fusion-responsive-typography-calculated\" style=\"margin:0;--fontSize:22;line-height:1.5;\">URA<\/h3><\/div><div class=\"fusion-text fusion-text-1\" style=\"--awb-content-alignment:left;\"><p>Kalliolaw\u2019lla p\u00e4\u00e4set osaksi yst\u00e4v\u00e4llist\u00e4 ja tiimity\u00f6skentelyyn perustuvaa ty\u00f6ymp\u00e4rist\u00f6\u00e4, jossa jokainen p\u00e4\u00e4see kehittym\u00e4\u00e4n, tuomaan oman n\u00e4kemyksens\u00e4 esiin sek\u00e4 osallistumaan asiakasty\u00f6h\u00f6n jo aikaisessa vaiheessa uraa.<\/p>\n<\/div><div class=\"fusion-text fusion-text-2\" style=\"--awb-font-size:12pt;\"><p><a href=\"https:\/\/www.kalliolaw.com\/fi\/ura\/tyoskentely-kalliolawlla\/\"><span style=\"color: #ef7d00;\">Lue lis\u00e4\u00e4 ty\u00f6skentelyst\u00e4 Kalliolaw&#8217;lla \u27a4<\/span> <\/a><\/p>\n<\/div><\/div><\/div><div class=\"fusion-layout-column fusion_builder_column fusion-builder-column-1 fusion_builder_column_1_2 1_2 fusion-flex-column\" style=\"--awb-bg-size:cover;--awb-width-large:50%;--awb-margin-top-large:0px;--awb-spacing-right-large:3.84%;--awb-margin-bottom-large:20px;--awb-spacing-left-large:3.84%;--awb-width-medium:100%;--awb-order-medium:0;--awb-spacing-right-medium:1.92%;--awb-spacing-left-medium:1.92%;--awb-width-small:100%;--awb-order-small:0;--awb-spacing-right-small:1.92%;--awb-spacing-left-small:1.92%;\"><div class=\"fusion-column-wrapper fusion-column-has-shadow fusion-flex-justify-content-flex-start fusion-content-layout-column\"><div class=\"fusion-image-element \" style=\"--awb-caption-title-font-family:var(--h2_typography-font-family);--awb-caption-title-font-weight:var(--h2_typography-font-weight);--awb-caption-title-font-style:var(--h2_typography-font-style);--awb-caption-title-size:var(--h2_typography-font-size);--awb-caption-title-transform:var(--h2_typography-text-transform);--awb-caption-title-line-height:var(--h2_typography-line-height);--awb-caption-title-letter-spacing:var(--h2_typography-letter-spacing);\"><span class=\" fusion-imageframe imageframe-none imageframe-1 hover-type-none\"><img decoding=\"async\" width=\"1500\" height=\"998\" title=\"KLkuva1\" src=\"https:\/\/www.kalliolaw.com\/wp-content\/uploads\/2024\/11\/KLkuva1.jpg\" data-orig-src=\"https:\/\/www.kalliolaw.com\/wp-content\/uploads\/2024\/11\/KLkuva1.jpg\" alt class=\"lazyload img-responsive wp-image-6536\" srcset=\"data:image\/svg+xml,%3Csvg%20xmlns%3D%27http%3A%2F%2Fwww.w3.org%2F2000%2Fsvg%27%20width%3D%271500%27%20height%3D%27998%27%20viewBox%3D%270%200%201500%20998%27%3E%3Crect%20width%3D%271500%27%20height%3D%27998%27%20fill-opacity%3D%220%22%2F%3E%3C%2Fsvg%3E\" data-srcset=\"https:\/\/www.kalliolaw.com\/wp-content\/uploads\/2024\/11\/KLkuva1-200x133.jpg 200w, https:\/\/www.kalliolaw.com\/wp-content\/uploads\/2024\/11\/KLkuva1-400x266.jpg 400w, https:\/\/www.kalliolaw.com\/wp-content\/uploads\/2024\/11\/KLkuva1-600x399.jpg 600w, https:\/\/www.kalliolaw.com\/wp-content\/uploads\/2024\/11\/KLkuva1-800x532.jpg 800w, https:\/\/www.kalliolaw.com\/wp-content\/uploads\/2024\/11\/KLkuva1-1200x798.jpg 1200w, https:\/\/www.kalliolaw.com\/wp-content\/uploads\/2024\/11\/KLkuva1.jpg 1500w\" data-sizes=\"auto\" data-orig-sizes=\"(max-width: 1024px) 100vw, (max-width: 640px) 100vw, 600px\" \/><\/span><\/div><\/div><\/div><\/div><\/div><div class=\"fusion-fullwidth fullwidth-box fusion-builder-row-2 fusion-flex-container has-pattern-background has-mask-background nonhundred-percent-fullwidth non-hundred-percent-height-scrolling fusion-no-small-visibility fusion-no-medium-visibility\" style=\"--awb-border-radius-top-left:0px;--awb-border-radius-top-right:0px;--awb-border-radius-bottom-right:0px;--awb-border-radius-bottom-left:0px;--awb-padding-top:80px;--awb-padding-bottom:50px;--awb-background-color:#e8e8e8;--awb-flex-wrap:wrap;\" ><div class=\"fusion-builder-row fusion-row fusion-flex-align-items-center fusion-flex-content-wrap\" style=\"max-width:1144px;margin-left: calc(-4% \/ 2 );margin-right: calc(-4% \/ 2 );\"><div class=\"fusion-layout-column fusion_builder_column fusion-builder-column-2 fusion_builder_column_1_2 1_2 fusion-flex-column\" style=\"--awb-bg-size:cover;--awb-width-large:50%;--awb-margin-top-large:0px;--awb-spacing-right-large:3.84%;--awb-margin-bottom-large:20px;--awb-spacing-left-large:3.84%;--awb-width-medium:100%;--awb-order-medium:0;--awb-spacing-right-medium:1.92%;--awb-spacing-left-medium:1.92%;--awb-width-small:100%;--awb-order-small:0;--awb-spacing-right-small:1.92%;--awb-spacing-left-small:1.92%;\"><div class=\"fusion-column-wrapper fusion-column-has-shadow fusion-flex-justify-content-flex-start fusion-content-layout-column\"><div class=\"fusion-image-element \" style=\"--awb-caption-title-font-family:var(--h2_typography-font-family);--awb-caption-title-font-weight:var(--h2_typography-font-weight);--awb-caption-title-font-style:var(--h2_typography-font-style);--awb-caption-title-size:var(--h2_typography-font-size);--awb-caption-title-transform:var(--h2_typography-text-transform);--awb-caption-title-line-height:var(--h2_typography-line-height);--awb-caption-title-letter-spacing:var(--h2_typography-letter-spacing);\"><span class=\" fusion-imageframe imageframe-none imageframe-2 hover-type-none\"><img decoding=\"async\" width=\"1500\" height=\"1001\" title=\"KLkuva3\" src=\"https:\/\/www.kalliolaw.com\/wp-content\/uploads\/2024\/11\/KLkuva3.jpg\" data-orig-src=\"https:\/\/www.kalliolaw.com\/wp-content\/uploads\/2024\/11\/KLkuva3.jpg\" alt class=\"lazyload img-responsive wp-image-6540\" srcset=\"data:image\/svg+xml,%3Csvg%20xmlns%3D%27http%3A%2F%2Fwww.w3.org%2F2000%2Fsvg%27%20width%3D%271500%27%20height%3D%271001%27%20viewBox%3D%270%200%201500%201001%27%3E%3Crect%20width%3D%271500%27%20height%3D%271001%27%20fill-opacity%3D%220%22%2F%3E%3C%2Fsvg%3E\" data-srcset=\"https:\/\/www.kalliolaw.com\/wp-content\/uploads\/2024\/11\/KLkuva3-200x133.jpg 200w, https:\/\/www.kalliolaw.com\/wp-content\/uploads\/2024\/11\/KLkuva3-400x267.jpg 400w, https:\/\/www.kalliolaw.com\/wp-content\/uploads\/2024\/11\/KLkuva3-600x400.jpg 600w, https:\/\/www.kalliolaw.com\/wp-content\/uploads\/2024\/11\/KLkuva3-800x534.jpg 800w, https:\/\/www.kalliolaw.com\/wp-content\/uploads\/2024\/11\/KLkuva3-1200x801.jpg 1200w, https:\/\/www.kalliolaw.com\/wp-content\/uploads\/2024\/11\/KLkuva3.jpg 1500w\" data-sizes=\"auto\" data-orig-sizes=\"(max-width: 1024px) 100vw, (max-width: 640px) 100vw, 600px\" \/><\/span><\/div><\/div><\/div><div class=\"fusion-layout-column fusion_builder_column fusion-builder-column-3 fusion_builder_column_1_2 1_2 fusion-flex-column\" style=\"--awb-bg-size:cover;--awb-width-large:50%;--awb-margin-top-large:0px;--awb-spacing-right-large:3.84%;--awb-margin-bottom-large:20px;--awb-spacing-left-large:3.84%;--awb-width-medium:100%;--awb-order-medium:0;--awb-spacing-right-medium:1.92%;--awb-spacing-left-medium:1.92%;--awb-width-small:100%;--awb-order-small:0;--awb-spacing-right-small:1.92%;--awb-spacing-left-small:1.92%;\"><div class=\"fusion-column-wrapper fusion-column-has-shadow fusion-flex-justify-content-flex-start fusion-content-layout-column\"><div class=\"fusion-title title fusion-title-2 fusion-sep-none fusion-title-text fusion-title-size-three\" style=\"--awb-text-color:#ef7d00;\"><h3 class=\"fusion-title-heading title-heading-left fusion-responsive-typography-calculated\" style=\"margin:0;text-transform:uppercase;--fontSize:22;line-height:1.5;\">TRAINEE-OHJELMAT<\/h3><\/div><div class=\"fusion-text fusion-text-3\" style=\"--awb-content-alignment:left;\"><p>Liity tiimiimme ja starttaa urasi mahtavien kollegoiden kanssa. Jatkuvien trainee-ohjelmiemme kautta p\u00e4\u00e4set tutustumaan asianajotoimiston toimintaan sek\u00e4 ty\u00f6skentelem\u00e4\u00e4n kansainv\u00e4lisess\u00e4 ymp\u00e4rist\u00f6ss\u00e4.<\/p>\n<\/div><div class=\"fusion-text fusion-text-4\" style=\"--awb-font-size:12pt;\"><p><a href=\"https:\/\/www.kalliolaw.com\/fi\/ura\/trainee-ohjelmat\/\"><span style=\"color: #ef7d00;\">Lue lis\u00e4\u00e4 trainee-ohjelmistamme \u27a4<\/span> <\/a><\/p>\n<\/div><\/div><\/div><\/div><\/div><div class=\"fusion-fullwidth fullwidth-box fusion-builder-row-3 fusion-flex-container has-pattern-background has-mask-background nonhundred-percent-fullwidth non-hundred-percent-height-scrolling fusion-no-large-visibility\" style=\"--awb-border-radius-top-left:0px;--awb-border-radius-top-right:0px;--awb-border-radius-bottom-right:0px;--awb-border-radius-bottom-left:0px;--awb-flex-wrap:wrap;\" ><div class=\"fusion-builder-row fusion-row fusion-flex-align-items-flex-start fusion-flex-content-wrap\" style=\"max-width:1144px;margin-left: calc(-4% \/ 2 );margin-right: calc(-4% \/ 2 );\"><div class=\"fusion-layout-column fusion_builder_column fusion-builder-column-4 fusion_builder_column_1_1 1_1 fusion-flex-column\" style=\"--awb-bg-size:cover;--awb-width-large:100%;--awb-margin-top-large:0px;--awb-spacing-right-large:1.92%;--awb-margin-bottom-large:20px;--awb-spacing-left-large:1.92%;--awb-width-medium:100%;--awb-order-medium:0;--awb-spacing-right-medium:1.92%;--awb-spacing-left-medium:1.92%;--awb-width-small:100%;--awb-order-small:0;--awb-spacing-right-small:1.92%;--awb-spacing-left-small:1.92%;\"><div class=\"fusion-column-wrapper fusion-column-has-shadow fusion-flex-justify-content-flex-start fusion-content-layout-column\"><div class=\"fusion-image-element \" style=\"--awb-caption-title-font-family:var(--h2_typography-font-family);--awb-caption-title-font-weight:var(--h2_typography-font-weight);--awb-caption-title-font-style:var(--h2_typography-font-style);--awb-caption-title-size:var(--h2_typography-font-size);--awb-caption-title-transform:var(--h2_typography-text-transform);--awb-caption-title-line-height:var(--h2_typography-line-height);--awb-caption-title-letter-spacing:var(--h2_typography-letter-spacing);\"><span class=\" fusion-imageframe imageframe-none imageframe-3 hover-type-none\"><img decoding=\"async\" width=\"1500\" height=\"998\" title=\"KLkuva1\" src=\"https:\/\/www.kalliolaw.com\/wp-content\/uploads\/2024\/11\/KLkuva1.jpg\" data-orig-src=\"https:\/\/www.kalliolaw.com\/wp-content\/uploads\/2024\/11\/KLkuva1.jpg\" alt class=\"lazyload img-responsive wp-image-6536\" srcset=\"data:image\/svg+xml,%3Csvg%20xmlns%3D%27http%3A%2F%2Fwww.w3.org%2F2000%2Fsvg%27%20width%3D%271500%27%20height%3D%27998%27%20viewBox%3D%270%200%201500%20998%27%3E%3Crect%20width%3D%271500%27%20height%3D%27998%27%20fill-opacity%3D%220%22%2F%3E%3C%2Fsvg%3E\" data-srcset=\"https:\/\/www.kalliolaw.com\/wp-content\/uploads\/2024\/11\/KLkuva1-200x133.jpg 200w, https:\/\/www.kalliolaw.com\/wp-content\/uploads\/2024\/11\/KLkuva1-400x266.jpg 400w, https:\/\/www.kalliolaw.com\/wp-content\/uploads\/2024\/11\/KLkuva1-600x399.jpg 600w, https:\/\/www.kalliolaw.com\/wp-content\/uploads\/2024\/11\/KLkuva1-800x532.jpg 800w, https:\/\/www.kalliolaw.com\/wp-content\/uploads\/2024\/11\/KLkuva1-1200x798.jpg 1200w, https:\/\/www.kalliolaw.com\/wp-content\/uploads\/2024\/11\/KLkuva1.jpg 1500w\" data-sizes=\"auto\" data-orig-sizes=\"(max-width: 1024px) 100vw, (max-width: 640px) 100vw, 1200px\" \/><\/span><\/div><\/div><\/div><div class=\"fusion-layout-column fusion_builder_column fusion-builder-column-5 fusion_builder_column_1_1 1_1 fusion-flex-column fusion-flex-align-self-center\" style=\"--awb-bg-size:cover;--awb-width-large:100%;--awb-margin-top-large:0px;--awb-spacing-right-large:1.92%;--awb-margin-bottom-large:20px;--awb-spacing-left-large:1.92%;--awb-width-medium:50%;--awb-order-medium:0;--awb-spacing-right-medium:3.84%;--awb-spacing-left-medium:3.84%;--awb-width-small:100%;--awb-order-small:0;--awb-spacing-right-small:1.92%;--awb-spacing-left-small:1.92%;\" data-scroll-devices=\"small-visibility,medium-visibility,large-visibility\"><div class=\"fusion-column-wrapper fusion-column-has-shadow fusion-flex-justify-content-center fusion-content-layout-column\"><div class=\"fusion-title title fusion-title-3 fusion-sep-none fusion-title-text fusion-title-size-three\" style=\"--awb-text-color:#ef7d00;\"><h3 class=\"fusion-title-heading title-heading-left fusion-responsive-typography-calculated\" style=\"margin:0;--fontSize:22;line-height:1.5;\">URA<\/h3><\/div><div class=\"fusion-text fusion-text-5\" style=\"--awb-content-alignment:left;\"><p>Kalliolaw\u2019lla p\u00e4\u00e4set osaksi yst\u00e4v\u00e4llist\u00e4 ja tiimity\u00f6skentelyyn perustuvaa ty\u00f6ymp\u00e4rist\u00f6\u00e4, jossa jokainen p\u00e4\u00e4see kehittym\u00e4\u00e4n, tuomaan oman n\u00e4kemyksens\u00e4 esiin sek\u00e4 osallistumaan asiakasty\u00f6h\u00f6n jo aikaisessa vaiheessa uraa.<\/p>\n<\/div><div class=\"fusion-text fusion-text-6\" style=\"--awb-font-size:12pt;\"><p><a href=\"https:\/\/www.kalliolaw.com\/fi\/ura\/tyoskentely-kalliolawlla\/\"><span style=\"color: #ef7d00;\">Lue lis\u00e4\u00e4 ty\u00f6skentelyst\u00e4 Kalliolaw&#8217;lla \u27a4<\/span> <\/a><\/p>\n<\/div><\/div><\/div><\/div><\/div><div class=\"fusion-fullwidth fullwidth-box fusion-builder-row-4 fusion-flex-container has-pattern-background has-mask-background nonhundred-percent-fullwidth non-hundred-percent-height-scrolling fusion-no-large-visibility\" style=\"--awb-border-radius-top-left:0px;--awb-border-radius-top-right:0px;--awb-border-radius-bottom-right:0px;--awb-border-radius-bottom-left:0px;--awb-padding-top:30px;--awb-padding-bottom:30px;--awb-background-color:#e8e8e8;--awb-flex-wrap:wrap;\" ><div class=\"fusion-builder-row fusion-row fusion-flex-align-items-flex-start fusion-flex-content-wrap\" style=\"max-width:1144px;margin-left: calc(-4% \/ 2 );margin-right: calc(-4% \/ 2 );\"><div class=\"fusion-layout-column fusion_builder_column fusion-builder-column-6 fusion_builder_column_1_1 1_1 fusion-flex-column\" style=\"--awb-bg-size:cover;--awb-width-large:100%;--awb-margin-top-large:0px;--awb-spacing-right-large:1.92%;--awb-margin-bottom-large:20px;--awb-spacing-left-large:1.92%;--awb-width-medium:100%;--awb-order-medium:0;--awb-spacing-right-medium:1.92%;--awb-spacing-left-medium:1.92%;--awb-width-small:100%;--awb-order-small:0;--awb-spacing-right-small:1.92%;--awb-spacing-left-small:1.92%;\"><div class=\"fusion-column-wrapper fusion-column-has-shadow fusion-flex-justify-content-flex-start fusion-content-layout-column\"><div class=\"fusion-image-element \" style=\"--awb-caption-title-font-family:var(--h2_typography-font-family);--awb-caption-title-font-weight:var(--h2_typography-font-weight);--awb-caption-title-font-style:var(--h2_typography-font-style);--awb-caption-title-size:var(--h2_typography-font-size);--awb-caption-title-transform:var(--h2_typography-text-transform);--awb-caption-title-line-height:var(--h2_typography-line-height);--awb-caption-title-letter-spacing:var(--h2_typography-letter-spacing);\"><span class=\" fusion-imageframe imageframe-none imageframe-4 hover-type-none\"><img decoding=\"async\" width=\"1500\" height=\"1001\" title=\"KLkuva3\" src=\"https:\/\/www.kalliolaw.com\/wp-content\/uploads\/2024\/11\/KLkuva3.jpg\" data-orig-src=\"https:\/\/www.kalliolaw.com\/wp-content\/uploads\/2024\/11\/KLkuva3.jpg\" alt class=\"lazyload img-responsive wp-image-6540\" srcset=\"data:image\/svg+xml,%3Csvg%20xmlns%3D%27http%3A%2F%2Fwww.w3.org%2F2000%2Fsvg%27%20width%3D%271500%27%20height%3D%271001%27%20viewBox%3D%270%200%201500%201001%27%3E%3Crect%20width%3D%271500%27%20height%3D%271001%27%20fill-opacity%3D%220%22%2F%3E%3C%2Fsvg%3E\" data-srcset=\"https:\/\/www.kalliolaw.com\/wp-content\/uploads\/2024\/11\/KLkuva3-200x133.jpg 200w, https:\/\/www.kalliolaw.com\/wp-content\/uploads\/2024\/11\/KLkuva3-400x267.jpg 400w, https:\/\/www.kalliolaw.com\/wp-content\/uploads\/2024\/11\/KLkuva3-600x400.jpg 600w, https:\/\/www.kalliolaw.com\/wp-content\/uploads\/2024\/11\/KLkuva3-800x534.jpg 800w, https:\/\/www.kalliolaw.com\/wp-content\/uploads\/2024\/11\/KLkuva3-1200x801.jpg 1200w, https:\/\/www.kalliolaw.com\/wp-content\/uploads\/2024\/11\/KLkuva3.jpg 1500w\" data-sizes=\"auto\" data-orig-sizes=\"(max-width: 1024px) 100vw, (max-width: 640px) 100vw, 1200px\" \/><\/span><\/div><\/div><\/div><div class=\"fusion-layout-column fusion_builder_column fusion-builder-column-7 fusion_builder_column_1_1 1_1 fusion-flex-column fusion-flex-align-self-center\" style=\"--awb-bg-size:cover;--awb-width-large:100%;--awb-margin-top-large:0px;--awb-spacing-right-large:1.92%;--awb-margin-bottom-large:20px;--awb-spacing-left-large:1.92%;--awb-width-medium:50%;--awb-order-medium:0;--awb-spacing-right-medium:3.84%;--awb-spacing-left-medium:3.84%;--awb-width-small:100%;--awb-order-small:0;--awb-spacing-right-small:1.92%;--awb-spacing-left-small:1.92%;\" data-scroll-devices=\"small-visibility,medium-visibility,large-visibility\"><div class=\"fusion-column-wrapper fusion-column-has-shadow fusion-flex-justify-content-center fusion-content-layout-column\"><div class=\"fusion-title title fusion-title-4 fusion-sep-none fusion-title-text fusion-title-size-three\" style=\"--awb-text-color:#ef7d00;\"><h3 class=\"fusion-title-heading title-heading-left fusion-responsive-typography-calculated\" style=\"margin:0;text-transform:uppercase;--fontSize:22;line-height:1.5;\">TRAINEE-OHJELMAT<\/h3><\/div><div class=\"fusion-text fusion-text-7\" style=\"--awb-content-alignment:left;\"><p>Liity tiimiimme ja starttaa urasi mahtavien kollegoiden kanssa. Jatkuvien trainee-ohjelmiemme kautta p\u00e4\u00e4set tutustumaan asianajotoimiston toimintaan sek\u00e4 ty\u00f6skentelem\u00e4\u00e4n kansainv\u00e4lisess\u00e4 ymp\u00e4rist\u00f6ss\u00e4.<\/p>\n<\/div><div class=\"fusion-text fusion-text-8\" style=\"--awb-font-size:12pt;\"><p><a href=\"https:\/\/www.kalliolaw.com\/fi\/ura\/trainee-ohjelmat\/\"><span style=\"color: #ef7d00;\">Lue lis\u00e4\u00e4 trainee-ohjelmistamme \u27a4<\/span> <\/a><\/p>\n<\/div><\/div><\/div><\/div><\/div><\/p>\n","protected":false},"excerpt":{"rendered":"","protected":false},"author":2,"featured_media":0,"parent":0,"menu_order":0,"comment_status":"closed","ping_status":"closed","template":"100-width.php","meta":{"footnotes":""},"class_list":["post-6552","page","type-page","status-publish","hentry"],"_links":{"self":[{"href":"https:\/\/www.kalliolaw.com\/fi\/wp-json\/wp\/v2\/pages\/6552","targetHints":{"allow":["GET"]}}],"collection":[{"href":"https:\/\/www.kalliolaw.com\/fi\/wp-json\/wp\/v2\/pages"}],"about":[{"href":"https:\/\/www.kalliolaw.com\/fi\/wp-json\/wp\/v2\/types\/page"}],"author":[{"embeddable":true,"href":"https:\/\/www.kalliolaw.com\/fi\/wp-json\/wp\/v2\/users\/2"}],"replies":[{"embeddable":true,"href":"https:\/\/www.kalliolaw.com\/fi\/wp-json\/wp\/v2\/comments?post=6552"}],"version-history":[{"count":9,"href":"https:\/\/www.kalliolaw.com\/fi\/wp-json\/wp\/v2\/pages\/6552\/revisions"}],"predecessor-version":[{"id":8302,"href":"https:\/\/www.kalliolaw.com\/fi\/wp-json\/wp\/v2\/pages\/6552\/revisions\/8302"}],"wp:attachment":[{"href":"https:\/\/www.kalliolaw.com\/fi\/wp-json\/wp\/v2\/media?parent=6552"}],"curies":[{"name":"wp","href":"https:\/\/api.w.org\/{rel}","templated":true}]}}